{"id":39,"date":"2021-09-07T11:13:15","date_gmt":"2021-09-07T11:13:15","guid":{"rendered":"https:\/\/bodartphotography.com\/?page_id=39"},"modified":"2026-03-10T14:25:14","modified_gmt":"2026-03-10T14:25:14","slug":"detras-de-la-camara","status":"publish","type":"page","link":"https:\/\/bodartphotography.com\/en\/detras-de-la-camara\/","title":{"rendered":"Behind the camera"},"content":{"rendered":"<p>[et_pb_section fb_built=\u00bb1&#8243; admin_label=\u00bbsection\u00bb _builder_version=\u00bb4.27.4&#8243; background_color=\u00bb#F8F5F3&#8243; custom_padding=\u00bb||0px||false|false\u00bb global_colors_info=\u00bb{}\u00bb][et_pb_row column_structure=\u00bb1_2,1_4,1_4&#8243; use_custom_gutter=\u00bbon\u00bb gutter_width=\u00bb1&#8243; custom_padding_last_edited=\u00bboff|desktop\u00bb module_id=\u00bbsec1conoceme\u00bb module_class=\u00bbinvertirelementos\u00bb _builder_version=\u00bb4.27.4&#8243; _module_preset=\u00bbdefault\u00bb background_enable_color=\u00bboff\u00bb width=\u00bb85%\u00bb width_tablet=\u00bb100%\u00bb width_phone=\u00bb80%\u00bb width_last_edited=\u00bbon|desktop\u00bb max_width=\u00bb85%\u00bb max_width_tablet=\u00bb80%\u00bb max_width_phone=\u00bb80%\u00bb max_width_last_edited=\u00bbon|phone\u00bb module_alignment=\u00bbcenter\u00bb custom_margin=\u00bb|auto|2.3%|auto|false|false\u00bb custom_margin_tablet=\u00bb||9%||false|false\u00bb custom_margin_phone=\u00bb||2%||false|false\u00bb custom_margin_last_edited=\u00bbon|phone\u00bb custom_padding=\u00bb||||false|false\u00bb custom_padding_tablet=\u00bb0%||0px||false|false\u00bb custom_padding_phone=\u00bb0%||0px||false|false\u00bb module_alignment_tablet=\u00bbcenter\u00bb module_alignment_phone=\u00bbcenter\u00bb module_alignment_last_edited=\u00bbon|tablet\u00bb custom_css_main_element=\u00bbdisplay:flex;align-items: flex-start;\u00bb global_colors_info=\u00bb{}\u00bb custom_css_main_element_last_edited=\u00bbon|tablet\u00bb custom_css_main_element_tablet=\u00bbdisplay:flex;align-items: flex-start;\u00bb custom_css_main_element_phone=\u00bbdisplay:flex;align-items: flex-start;\u00bb][et_pb_column type=\u00bb1_2&#8243; _builder_version=\u00bb4.27.3&#8243; _module_preset=\u00bbdefault\u00bb background_enable_color=\u00bboff\u00bb custom_padding=\u00bb|50px|||false|false\u00bb custom_padding_tablet=\u00bb|20px|||false|false\u00bb custom_padding_phone=\u00bb|0px|||false|false\u00bb custom_padding_last_edited=\u00bbon|phone\u00bb custom_css_main_element=\u00bbwidth:45%!important;\u00bb global_colors_info=\u00bb{}\u00bb custom_css_main_element_last_edited=\u00bbon|tablet\u00bb custom_css_main_element_tablet=\u00bbwidth:100%!important;\u00bb custom_css_main_element_phone=\u00bbwidth:100%!important;\u00bb][et_pb_text content_tablet=\u00bb<\/p>\n<h2>Soy Sonia<\/h2>\n<h3>las manos que hay detr\u00e1s de zen house<\/h3>\n<h3><\/h3>\n<p>Mi nombre es Sonia.<br \/>Soy natural de Barcelona y llevo toda una vida dedicada al sector del bienestar.<\/p>\n<p>Empec\u00e9 mi camino a\u00f1os atr\u00e1s form\u00e1ndome en Est\u00e9tica Integral donde obtuve valiosos conocimientos sobre la piel y el cuidado corporal.<br \/>Tras darme cuenta que los masajes eran \u201clo m\u00edo\u201d decid\u00ed especializarme en esta rama completando mis estudios en Quiromasaje, Masaje deportivo, Balneoterapia y Aromaterapia.<\/p>\n<p>M\u00e1s tarde empec\u00e9 a colaborar con los hoteles m\u00e1s prestigiosos de la ciudad de Barcelona donde aprend\u00ed a pulir mis t\u00e9cnicas y a estructurar mis protocolos.<\/p>\n<p>A\u00f1os despu\u00e9s decido darle un giro a mi vida aceptando una propuesta de trabajo en un centro de terapias t\u00e1ntricas, aquella decisi\u00f3n cambi\u00f3 completamente mi perspectiva y concepto de todo lo que engloba el mundo del masaje.<\/p>\n<p>A d\u00eda de hoy tras miles de sesiones llevadas a cabo durante todos estos a\u00f1os tengo super claro como profesional y usuaria que un masaje con t\u00e9cnica e intenci\u00f3n no solo sana el cuerpo, si no tambi\u00e9n la mente y el alma.<br \/>Lo cierto es que despu\u00e9s de tanto tiempo me sigue fascinando el hecho de provocar sensaciones tan \u00fanicas y diferentes mediante esta pr\u00e1ctica.<\/p>\n<p>Otra de mis grandes pasiones es la Astrolog\u00eda Evolutiva, una poderosa herramienta que me ha inspirado y guiado much\u00edsimo para darle otro enfoque a mis sesiones y comprender mejor los deseos, carencias y bloqueos de cada persona que pasa por mis manos.<\/p>\n<p>Gracias a mis conocimientos como terapeuta y motivada por querer llegar a muchas m\u00e1s personas, he dise\u00f1ado con mucho cari\u00f1o y consciencia los viajes, rituales y experiencias que encontrar\u00e1s a continuaci\u00f3n.<\/p>\n<p>Todos los servicios ofrecidos est\u00e1n pensados tanto para hombres como mujeres que deseen experimentar la sanaci\u00f3n a trav\u00e9s del masaje e ir m\u00e1s all\u00e1 del gozo, el placer o el bienestar.<\/p>\n<p>\u00bb content_phone=\u00bb<\/p>\n<h2>Soy Sonia<\/h2>\n<h3>las manos que hay detr\u00e1s de zen house<\/h3>\n<h3><\/h3>\n<p>Mi nombre es Sonia.<br \/>Soy natural de Barcelona y llevo toda una vida dedicada al sector del bienestar.<\/p>\n<p>Empec\u00e9 mi camino a\u00f1os atr\u00e1s form\u00e1ndome en Est\u00e9tica Integral donde obtuve valiosos conocimientos sobre la piel y el cuidado corporal.<br \/>Tras darme cuenta que los masajes eran \u201clo m\u00edo\u201d decid\u00ed especializarme en esta rama completando mis estudios en Quiromasaje, Masaje deportivo, Balneoterapia y Aromaterapia.<\/p>\n<p>M\u00e1s tarde empec\u00e9 a colaborar con los hoteles m\u00e1s prestigiosos de la ciudad de Barcelona donde aprend\u00ed a pulir mis t\u00e9cnicas y a estructurar mis protocolos.<\/p>\n<p>A\u00f1os despu\u00e9s decido darle un giro a mi vida aceptando una propuesta de trabajo en un centro de terapias t\u00e1ntricas, aquella decisi\u00f3n cambi\u00f3 completamente mi perspectiva y concepto de todo lo que engloba el mundo del masaje.<\/p>\n<p>A d\u00eda de hoy tras miles de sesiones llevadas a cabo durante todos estos a\u00f1os tengo super claro como profesional y usuaria que un masaje con t\u00e9cnica e intenci\u00f3n no solo sana el cuerpo, si no tambi\u00e9n la mente y el alma.<br \/>Lo cierto es que despu\u00e9s de tanto tiempo me sigue fascinando el hecho de provocar sensaciones tan \u00fanicas y diferentes mediante esta pr\u00e1ctica.<\/p>\n<p>Otra de mis grandes pasiones es la Astrolog\u00eda Evolutiva, una poderosa herramienta que me ha inspirado y guiado much\u00edsimo para darle otro enfoque a mis sesiones y comprender mejor los deseos, carencias y bloqueos de cada persona que pasa por mis manos.<\/p>\n<p>Gracias a mis conocimientos como terapeuta y motivada por querer llegar a muchas m\u00e1s personas, he dise\u00f1ado con mucho cari\u00f1o y consciencia los viajes, rituales y experiencias que encontrar\u00e1s a continuaci\u00f3n.<\/p>\n<p>Todos los servicios ofrecidos est\u00e1n pensados tanto para hombres como mujeres que deseen experimentar la sanaci\u00f3n a trav\u00e9s del masaje e ir m\u00e1s all\u00e1 del gozo, el placer o el bienestar.<\/p>\n<p>\u00bb content_last_edited=\u00bboff|desktop\u00bb _builder_version=\u00bb4.27.5&#8243; _module_preset=\u00bbdefault\u00bb text_font=\u00bb||||||||\u00bb header_font=\u00bb|||on|||||\u00bb header_text_align=\u00bbleft\u00bb header_text_color=\u00bb#282828&#8243; header_font_size=\u00bb2.3em\u00bb header_2_font=\u00bb|||on|||||\u00bb header_2_line_height=\u00bb0.4em\u00bb header_3_font=\u00bbCormorant Unicase &#8211; Ttulos||||||||\u00bb header_3_text_color=\u00bb#0E0E0E\u00bb header_3_font_size=\u00bb1.6em\u00bb background_enable_color=\u00bboff\u00bb position_origin_a=\u00bbbottom_left\u00bb position_origin_r=\u00bbbottom_left\u00bb position_origin_a_tablet=\u00bbtop_right\u00bb position_origin_a_phone=\u00bbtop_right\u00bb position_origin_a_last_edited=\u00bbon|desktop\u00bb position_origin_f_tablet=\u00bb\u00bb position_origin_f_phone=\u00bb\u00bb position_origin_f_last_edited=\u00bbon|desktop\u00bb position_origin_r_tablet=\u00bb\u00bb position_origin_r_phone=\u00bb\u00bb position_origin_r_last_edited=\u00bbon|desktop\u00bb width_tablet=\u00bb100%\u00bb width_phone=\u00bb100%\u00bb width_last_edited=\u00bbon|phone\u00bb custom_margin=\u00bb||||false|false\u00bb custom_margin_tablet=\u00bb6%|30px||0px|false|false\u00bb custom_margin_phone=\u00bb|0px|15%|0px|false|false\u00bb custom_margin_last_edited=\u00bbon|desktop\u00bb custom_padding=\u00bb||||false|false\u00bb header_text_align_tablet=\u00bbleft\u00bb header_text_align_phone=\u00bbleft\u00bb header_text_align_last_edited=\u00bbon|phone\u00bb header_font_size_tablet=\u00bb2em\u00bb header_font_size_phone=\u00bb2em\u00bb header_font_size_last_edited=\u00bbon|phone\u00bb header_3_font_size_tablet=\u00bb1.7em\u00bb header_3_font_size_phone=\u00bb1.5em\u00bb header_3_font_size_last_edited=\u00bbon|phone\u00bb positioning_tablet=\u00bbrelative\u00bb positioning_phone=\u00bbrelative\u00bb positioning_last_edited=\u00bbon|phone\u00bb text_orientation_tablet=\u00bbleft\u00bb text_orientation_phone=\u00bb\u00bb text_orientation_last_edited=\u00bbon|phone\u00bb global_colors_info=\u00bb{}\u00bb]<\/p>\n<h1>Fot\u00f3grafo documental con una mirada editorial<\/h1>\n<p>Creo que lo que da valor a la vida es la belleza, el amor y la alegr\u00eda. Por eso quiero capturar esos destellos fugaces que existen en el mundo. Con una mirada sensible y atenta a los detalles te ayudar\u00e9 a tener fotos de boda con detalles muy profesionales. Adem\u00e1s que trasciendan a pesar del tiempo y te emocionen.<\/p>\n<p>Al igual que el sommelier te sugiere los mejores vinos, mi objetivo como fot\u00f3grafo para bodas es guiarte para que obtengas las mejores instant\u00e1neas, saboreando los olores, placeres y sensaciones que embriagar\u00e1n tu boda. Al ver vuestras fotograf\u00edas sentir\u00e9is lo bonita que puede ser la vida. Por ello, mi misi\u00f3n es preservar el valor art\u00edstico y la belleza de ella, m\u00e1s all\u00e1 de documentar el evento.<\/p>\n<p>Detr\u00e1s de la c\u00e1mara hay alguien sensible que muestra pasi\u00f3n y entusiasmo en lo que hace. La formaci\u00f3n en dise\u00f1o gr\u00e1fico y, posteriormente, en fotograf\u00eda arquitect\u00f3nica me han servido para jugar con el entorno y sacar lo mejor de cada escena, especialmente en cada sesi\u00f3n como fot\u00f3grafo de parejas, buscando siempre nuevas ideas de fotos de boda.<\/p>\n<p>[\/et_pb_text][\/et_pb_column][et_pb_column type=\u00bb1_4&#8243; _builder_version=\u00bb4.27.4&#8243; _module_preset=\u00bbdefault\u00bb background_enable_color=\u00bboff\u00bb positioning=\u00bbnone\u00bb position_origin_a=\u00bbbottom_right\u00bb vertical_offset=\u00bb22px\u00bb position_origin_a_tablet=\u00bbbottom_right\u00bb position_origin_a_phone=\u00bbbottom_right\u00bb position_origin_a_last_edited=\u00bbon|desktop\u00bb position_origin_f_tablet=\u00bb\u00bb position_origin_f_phone=\u00bb\u00bb position_origin_f_last_edited=\u00bbon|desktop\u00bb position_origin_r_tablet=\u00bb\u00bb position_origin_r_phone=\u00bb\u00bb position_origin_r_last_edited=\u00bbon|desktop\u00bb custom_padding=\u00bb||||false|false\u00bb positioning_tablet=\u00bbnone\u00bb positioning_phone=\u00bbnone\u00bb positioning_last_edited=\u00bbon|phone\u00bb custom_css_main_element=\u00bbwidth:22.5%!important;\u00bb global_colors_info=\u00bb{}\u00bb custom_css_main_element_last_edited=\u00bbon|tablet\u00bb custom_css_main_element_tablet=\u00bbwidth:45%!important;\u00bb custom_css_main_element_phone=\u00bbwidth:45%!important;\u00bb][et_pb_image src=\u00bbhttps:\/\/bodartphotography.com\/wp-content\/uploads\/2026\/03\/TOIRAN9-2-1.jpg\u00bb alt=\u00bbbodart_SOBRE MI\u0301_Joan detr\u00e1s de la c\u00e1mara\u00bb title_text=\u00bbTOIRAN9-2&#8243; show_bottom_space=\u00bboff\u00bb force_fullwidth=\u00bbon\u00bb _builder_version=\u00bb4.27.5&#8243; _module_preset=\u00bbdefault\u00bb custom_margin=\u00bb||||false|false\u00bb custom_margin_tablet=\u00bb4%||||false|false\u00bb custom_margin_phone=\u00bb0%||||false|false\u00bb custom_margin_last_edited=\u00bbon|phone\u00bb hover_enabled=\u00bb0&#8243; global_colors_info=\u00bb{}\u00bb sticky_enabled=\u00bb0&#8243;][\/et_pb_image][\/et_pb_column][et_pb_column type=\u00bb1_4&#8243; _builder_version=\u00bb4.27.4&#8243; _module_preset=\u00bbdefault\u00bb background_enable_color=\u00bboff\u00bb positioning=\u00bbnone\u00bb position_origin_a=\u00bbbottom_right\u00bb vertical_offset=\u00bb22px\u00bb position_origin_a_tablet=\u00bbbottom_right\u00bb position_origin_a_phone=\u00bbbottom_right\u00bb position_origin_a_last_edited=\u00bbon|desktop\u00bb position_origin_f_tablet=\u00bb\u00bb position_origin_f_phone=\u00bb\u00bb position_origin_f_last_edited=\u00bbon|desktop\u00bb position_origin_r_tablet=\u00bb\u00bb position_origin_r_phone=\u00bb\u00bb position_origin_r_last_edited=\u00bbon|desktop\u00bb custom_padding=\u00bb|||15px|false|false\u00bb positioning_tablet=\u00bbnone\u00bb positioning_phone=\u00bbnone\u00bb positioning_last_edited=\u00bbon|phone\u00bb custom_css_main_element=\u00bbwidth:27%!important;\u00bb global_colors_info=\u00bb{}\u00bb custom_css_main_element_last_edited=\u00bbon|phone\u00bb custom_css_main_element_tablet=\u00bbwidth:52%!important;\u00bb custom_css_main_element_phone=\u00bbwidth:55%!important;\u00bb][et_pb_image src=\u00bbhttps:\/\/bodartphotography.com\/wp-content\/uploads\/2026\/03\/TOIRAN.10-2.jpg\u00bb alt=\u00bbbodart_SOBRE MI_Joan fot\u00f3grafo bodas\u00bb title_text=\u00bbTOIRAN..10-2&#8243; show_bottom_space=\u00bboff\u00bb force_fullwidth=\u00bbon\u00bb _builder_version=\u00bb4.27.5&#8243; _module_preset=\u00bbdefault\u00bb custom_margin=\u00bb||||false|false\u00bb custom_margin_tablet=\u00bb4%||||false|false\u00bb custom_margin_phone=\u00bb0%||||false|false\u00bb custom_margin_last_edited=\u00bbon|phone\u00bb filter_saturate=\u00bb0%\u00bb hover_enabled=\u00bb0&#8243; global_colors_info=\u00bb{}\u00bb sticky_enabled=\u00bb0&#8243;][\/et_pb_image][\/et_pb_column][\/et_pb_row][et_pb_row _builder_version=\u00bb4.27.5&#8243; _module_preset=\u00bbdefault\u00bb global_colors_info=\u00bb{}\u00bb][et_pb_column type=\u00bb4_4&#8243; _builder_version=\u00bb4.27.5&#8243; _module_preset=\u00bbdefault\u00bb global_colors_info=\u00bb{}\u00bb][et_pb_cta _builder_version=\u00bb4.27.5&#8243; _module_preset=\u00bbdefault\u00bb header_text_color=\u00bb#282828&#8243; header_font_size=\u00bb30px\u00bb body_text_color=\u00bb#000000&#8243; background_color=\u00bb#D7D0C8&#8243; global_colors_info=\u00bb{}\u00bb]<\/p>\n<h2 style=\"text-align: center;\">Trabajo desde una base documental, captando lo que ocurre de forma natural, con una mirada editorial que cuida la luz y la composici\u00f3n.<\/h2>\n<p style=\"text-align: center;\">Gu\u00edo solo cuando es necesario, siempre de forma sutil, para que os sint\u00e1is c\u00f3modos y las fotograf\u00edas sean elegantes, honestas y atemporales.<\/p>\n<p>[\/et_pb_cta][\/et_pb_column][\/et_pb_row][et_pb_row _builder_version=\u00bb4.27.4&#8243; _module_preset=\u00bbdefault\u00bb global_colors_info=\u00bb{}\u00bb][et_pb_column type=\u00bb4_4&#8243; _builder_version=\u00bb4.27.4&#8243; _module_preset=\u00bbdefault\u00bb global_colors_info=\u00bb{}\u00bb][et_pb_text _builder_version=\u00bb4.27.4&#8243; _module_preset=\u00bbdefault\u00bb text_orientation=\u00bbcenter\u00bb global_colors_info=\u00bb{}\u00bb]<\/p>\n<h2>MI EXPERIENCIA CAPTURANDO LAS EMOCIONES<\/h2>\n<p>[\/et_pb_text][\/et_pb_column][\/et_pb_row][et_pb_row column_structure=\u00bb1_3,1_3,1_3&#8243; make_equal=\u00bbon\u00bb custom_padding_last_edited=\u00bbon|phone\u00bb _builder_version=\u00bb4.27.3&#8243; _module_preset=\u00bbdefault\u00bb background_color=\u00bb#D7D0C8&#8243; width=\u00bb100%\u00bb max_width=\u00bb100%\u00bb custom_padding=\u00bb0px|3%|0px|3%|true|true\u00bb custom_padding_tablet=\u00bb12%|0%|2%|0%|false|false\u00bb custom_padding_phone=\u00bb15%|0%|15%|0%|true|true\u00bb border_width_bottom=\u00bb1px\u00bb border_color_bottom=\u00bb#474238&#8243; global_colors_info=\u00bb{}\u00bb][et_pb_column type=\u00bb1_3&#8243; _builder_version=\u00bb4.27.3&#8243; _module_preset=\u00bbdefault\u00bb global_colors_info=\u00bb{}\u00bb][et_pb_text content_last_edited=\u00bboff|desktop\u00bb _builder_version=\u00bb4.27.3&#8243; _module_preset=\u00bbdefault\u00bb text_line_height=\u00bb1.4em\u00bb header_2_font_size=\u00bb2em\u00bb text_orientation=\u00bbcenter\u00bb custom_padding=\u00bb30%||30%||true|false\u00bb custom_padding_tablet=\u00bb5%||12%||false|false\u00bb custom_padding_phone=\u00bb5%||12%||false|false\u00bb custom_padding_last_edited=\u00bbon|desktop\u00bb header_2_font_size_tablet=\u00bb2em\u00bb header_2_font_size_phone=\u00bb1.8em\u00bb header_2_font_size_last_edited=\u00bbon|phone\u00bb global_colors_info=\u00bb{}\u00bb]<\/p>\n<h2>7 A\u00f1os de experiencia<\/h2>\n<p>CAPTURANDO MOMENTOS QUE<br \/>CUENTAN HISTORIAS<br \/>INOLVIDABLES.<\/p>\n<p>[\/et_pb_text][\/et_pb_column][et_pb_column type=\u00bb1_3&#8243; _builder_version=\u00bb4.27.3&#8243; _module_preset=\u00bbdefault\u00bb custom_padding_tablet=\u00bb8%||8%||true|false\u00bb custom_padding_phone=\u00bb12%||12%||true|false\u00bb custom_padding_last_edited=\u00bbon|phone\u00bb border_width_right=\u00bb1px\u00bb border_color_right=\u00bb#474238&#8243; border_width_left=\u00bb1px\u00bb border_color_left=\u00bb#474238&#8243; border_width_top_tablet=\u00bb1px\u00bb border_width_top_phone=\u00bb1px\u00bb border_width_top_last_edited=\u00bbon|phone\u00bb border_width_right_tablet=\u00bb0px\u00bb border_width_right_phone=\u00bb0px\u00bb border_width_right_last_edited=\u00bbon|phone\u00bb border_width_bottom_tablet=\u00bb1px\u00bb border_width_bottom_phone=\u00bb1px\u00bb border_width_bottom_last_edited=\u00bbon|tablet\u00bb border_width_left_tablet=\u00bb0px\u00bb border_width_left_phone=\u00bb0px\u00bb border_width_left_last_edited=\u00bbon|tablet\u00bb global_colors_info=\u00bb{}\u00bb][et_pb_text content_last_edited=\u00bboff|desktop\u00bb _builder_version=\u00bb4.27.3&#8243; _module_preset=\u00bbdefault\u00bb text_line_height=\u00bb1.4em\u00bb header_2_font_size=\u00bb2em\u00bb text_orientation=\u00bbcenter\u00bb custom_padding=\u00bb30%||30%||true|false\u00bb custom_padding_tablet=\u00bb5%||12%||false|false\u00bb custom_padding_phone=\u00bb5%||12%||false|false\u00bb custom_padding_last_edited=\u00bbon|desktop\u00bb text_font_size_tablet=\u00bb\u00bb text_font_size_phone=\u00bb\u00bb text_font_size_last_edited=\u00bbon|tablet\u00bb text_line_height_last_edited=\u00bboff|desktop\u00bb header_2_font_size_tablet=\u00bb2em\u00bb header_2_font_size_phone=\u00bb1.8em\u00bb header_2_font_size_last_edited=\u00bbon|phone\u00bb global_colors_info=\u00bb{}\u00bb]<\/p>\n<h2>M\u00e1s de 150 bodas<\/h2>\n<p>CADA UNA, UN MUNDO LLENO<br \/>DE EMOCIONES Y DETALLES.<\/p>\n<p>[\/et_pb_text][\/et_pb_column][et_pb_column type=\u00bb1_3&#8243; _builder_version=\u00bb4.27.3&#8243; _module_preset=\u00bbdefault\u00bb global_colors_info=\u00bb{}\u00bb][et_pb_text content_last_edited=\u00bboff|desktop\u00bb _builder_version=\u00bb4.27.3&#8243; _module_preset=\u00bbdefault\u00bb text_font=\u00bb||||||||\u00bb text_line_height=\u00bb1.4em\u00bb header_2_font_size=\u00bb2em\u00bb text_orientation=\u00bbcenter\u00bb custom_padding=\u00bb30%||30%||true|false\u00bb custom_padding_tablet=\u00bb5%||12%||false|false\u00bb custom_padding_phone=\u00bb10%||9%||false|false\u00bb custom_padding_last_edited=\u00bbon|phone\u00bb header_2_font_size_tablet=\u00bb2em\u00bb header_2_font_size_phone=\u00bb1.8em\u00bb header_2_font_size_last_edited=\u00bbon|phone\u00bb global_colors_info=\u00bb{}\u00bb]<\/p>\n<h2>Todas ellas \u00fanicas<\/h2>\n<p>PORQUE CADA HISTORIA MERECE<br \/>SER CONTADA CON<br \/>AUTENTICIDAD Y CUIDADO.<\/p>\n<p>[\/et_pb_text][\/et_pb_column][\/et_pb_row][et_pb_row column_structure=\u00bb3_5,2_5&#8243; use_custom_gutter=\u00bbon\u00bb gutter_width=\u00bb1&#8243; custom_padding_last_edited=\u00bbon|tablet\u00bb _builder_version=\u00bb4.27.5&#8243; _module_preset=\u00bbdefault\u00bb background_color=\u00bbrgba(0,0,0,0.58)\u00bb background_image=\u00bbhttps:\/\/bodartphotography.com\/wp-content\/uploads\/2025\/12\/526A9594-1.jpg\u00bb parallax=\u00bbon\u00bb background_blend=\u00bbmultiply\u00bb width=\u00bb100%\u00bb max_width=\u00bb100%\u00bb height_tablet=\u00bb600px\u00bb height_phone=\u00bb500px\u00bb height_last_edited=\u00bbon|phone\u00bb custom_margin=\u00bb||||false|false\u00bb custom_padding=\u00bb15.5%||9.4%||false|false\u00bb custom_padding_tablet=\u00bb37%||5%||false|false\u00bb custom_padding_phone=\u00bb43.8%||0%||false|false\u00bb background_color_phone=\u00bbrgba(0,0,0,0.51)\u00bb background_last_edited=\u00bbon|phone\u00bb background_enable_color_phone=\u00bbon\u00bb background_image_phone=\u00bbhttps:\/\/bodartphotography.com\/wp-content\/uploads\/2025\/12\/526A9594-1.jpg\u00bb background_enable_image_phone=\u00bbon\u00bb parallax_phone=\u00bboff\u00bb background_blend_phone=\u00bbmultiply\u00bb custom_css_main_element=\u00bbdisplay: flex;align-content: flex-end;align-items: flex-end;\u00bb global_module=\u00bb340085&#8243; saved_tabs=\u00bball\u00bb global_colors_info=\u00bb{}\u00bb custom_css_main_element_last_edited=\u00bbon|phone\u00bb custom_css_main_element_tablet=\u00bbdisplay:block;\u00bb custom_css_main_element_phone=\u00bbdisplay:block;\u00bb][et_pb_column type=\u00bb3_5&#8243; _builder_version=\u00bb4.27.3&#8243; _module_preset=\u00bbdefault\u00bb background_enable_color=\u00bboff\u00bb global_colors_info=\u00bb{}\u00bb custom_css_main_element_last_edited=\u00bbon|tablet\u00bb custom_css_main_element_tablet=\u00bbwidth:100%!important;\u00bb custom_css_main_element_phone=\u00bbwidth:100%!important;\u00bb][et_pb_text _builder_version=\u00bb4.27.5&#8243; _module_preset=\u00bbdefault\u00bb text_font=\u00bbTitulo &#8211; Season Regular|100|||||||\u00bb header_2_text_align=\u00bbleft\u00bb header_2_text_color=\u00bb#FFFFFF\u00bb header_2_font_size=\u00bb3.5em\u00bb header_2_line_height=\u00bb1.2em\u00bb custom_margin=\u00bb|||30%|false|false\u00bb custom_margin_tablet=\u00bb10%||-20px|10%|false|false\u00bb custom_margin_phone=\u00bb1.2%||-11px|10%|false|false\u00bb custom_margin_last_edited=\u00bbon|phone\u00bb custom_padding=\u00bb||||false|false\u00bb custom_padding_tablet=\u00bb||0px||false|false\u00bb custom_padding_phone=\u00bb||0px||false|false\u00bb custom_padding_last_edited=\u00bbon|tablet\u00bb header_2_font_size_tablet=\u00bb3em\u00bb header_2_font_size_phone=\u00bb1.8em\u00bb header_2_font_size_last_edited=\u00bbon|phone\u00bb global_colors_info=\u00bb{}\u00bb]<\/p>\n<h2>If you dream of photos that make you feel, you only need to write to me<\/h2>\n<p>[\/et_pb_text][\/et_pb_column][et_pb_column type=\u00bb2_5&#8243; _builder_version=\u00bb4.27.3&#8243; _module_preset=\u00bbdefault\u00bb background_enable_color=\u00bboff\u00bb global_colors_info=\u00bb{}\u00bb custom_css_main_element_last_edited=\u00bbon|tablet\u00bb custom_css_main_element_tablet=\u00bbwidth:100%!important;\u00bb custom_css_main_element_phone=\u00bbwidth:100%!important;\u00bb][et_pb_button button_url=\u00bb\/empieza-aqui\/\u00bb button_text=\u00bbCONTACTAR\u00bb button_alignment=\u00bbleft\u00bb _builder_version=\u00bb4.27.4&#8243; _module_preset=\u00bbdefault\u00bb custom_button=\u00bbon\u00bb button_text_size=\u00bb17px\u00bb button_text_color=\u00bb#282828&#8243; button_bg_color=\u00bb#F8F5F3&#8243; button_use_icon=\u00bboff\u00bb custom_margin=\u00bb||4%||false|false\u00bb custom_margin_tablet=\u00bb3%||0%|10%|false|false\u00bb custom_margin_phone=\u00bb5%||||false|false\u00bb custom_margin_last_edited=\u00bbon|phone\u00bb button_text_size_tablet=\u00bb17px\u00bb button_text_size_phone=\u00bb15px\u00bb button_text_size_last_edited=\u00bbon|phone\u00bb global_colors_info=\u00bb{}\u00bb][\/et_pb_button][\/et_pb_column][\/et_pb_row][\/et_pb_section]<\/p>","protected":false},"excerpt":{"rendered":"<p>Fot\u00f3grafo documental con una mirada editorial Creo que lo que da valor a la vida es la belleza, el amor y la alegr\u00eda. Por eso quiero capturar esos destellos fugaces que existen en el mundo. Con una mirada sensible y atenta a los detalles te ayudar\u00e9 a tener fotos de boda con detalles muy profesionales. [&hellip;]<\/p>","protected":false},"author":1,"featured_media":0,"parent":0,"menu_order":0,"comment_status":"closed","ping_status":"closed","template":"","meta":{"_et_pb_use_builder":"on","_et_pb_old_content":"","_et_gb_content_width":"","footnotes":""},"class_list":["post-39","page","type-page","status-publish","hentry"],"_links":{"self":[{"href":"https:\/\/bodartphotography.com\/en\/wp-json\/wp\/v2\/pages\/39","targetHints":{"allow":["GET"]}}],"collection":[{"href":"https:\/\/bodartphotography.com\/en\/wp-json\/wp\/v2\/pages"}],"about":[{"href":"https:\/\/bodartphotography.com\/en\/wp-json\/wp\/v2\/types\/page"}],"author":[{"embeddable":true,"href":"https:\/\/bodartphotography.com\/en\/wp-json\/wp\/v2\/users\/1"}],"replies":[{"embeddable":true,"href":"https:\/\/bodartphotography.com\/en\/wp-json\/wp\/v2\/comments?post=39"}],"version-history":[{"count":16,"href":"https:\/\/bodartphotography.com\/en\/wp-json\/wp\/v2\/pages\/39\/revisions"}],"predecessor-version":[{"id":340997,"href":"https:\/\/bodartphotography.com\/en\/wp-json\/wp\/v2\/pages\/39\/revisions\/340997"}],"wp:attachment":[{"href":"https:\/\/bodartphotography.com\/en\/wp-json\/wp\/v2\/media?parent=39"}],"curies":[{"name":"wp","href":"https:\/\/api.w.org\/{rel}","templated":true}]}}