{"id":339538,"date":"2025-01-16T11:15:00","date_gmt":"2025-01-16T11:15:00","guid":{"rendered":"https:\/\/bodartphotography.com\/?page_id=339538"},"modified":"2025-01-28T10:21:28","modified_gmt":"2025-01-28T10:21:28","slug":"ao-catedral-de-tarragona","status":"publish","type":"page","link":"https:\/\/bodartphotography.com\/en\/bellas-historias\/ao-catedral-de-tarragona\/","title":{"rendered":"A&#038;O CATEDRAL DE TARRAGONA"},"content":{"rendered":"<p>[et_pb_section fb_built=\u00bb1&#8243; custom_padding_last_edited=\u00bboff|desktop\u00bb _builder_version=\u00bb4.27.3&#8243; _module_preset=\u00bbdefault\u00bb background_color=\u00bb#F8F5F3&#8243; z_index=\u00bb222&#8243; custom_margin_tablet=\u00bb-12%||||false|false\u00bb custom_margin_phone=\u00bb0%||||false|false\u00bb custom_margin_last_edited=\u00bboff|desktop\u00bb custom_padding=\u00bb0px||||false|false\u00bb custom_padding_tablet=\u00bb0px||0px||false|false\u00bb custom_padding_phone=\u00bb0px||0px||false|false\u00bb global_colors_info=\u00bb{}\u00bb][et_pb_row column_structure=\u00bb1_2,1_2&#8243; custom_padding_last_edited=\u00bbon|phone\u00bb _builder_version=\u00bb4.27.4&#8243; _module_preset=\u00bbdefault\u00bb background_color=\u00bb#F8F5F3&#8243; positioning=\u00bbnone\u00bb position_origin_f=\u00bbbottom_right\u00bb vertical_offset=\u00bb60px\u00bb width=\u00bb100%\u00bb max_width=\u00bb100%\u00bb max_width_tablet=\u00bb100%\u00bb max_width_phone=\u00bb100%\u00bb max_width_last_edited=\u00bbon|phone\u00bb custom_padding=\u00bb0px|2%|0px||true|false\u00bb custom_padding_tablet=\u00bb|||2%|true|false\u00bb custom_padding_phone=\u00bb|||2%|true|false\u00bb sticky_limit_bottom=\u00bbsection\u00bb locked=\u00bboff\u00bb global_colors_info=\u00bb{}\u00bb custom_css_main_element_last_edited=\u00bbon|phone\u00bb custom_css_main_element_tablet=\u00bbdisplay: block;\u00bb custom_css_main_element_phone=\u00bbdisplay: block;\u00bb][et_pb_column type=\u00bb1_2&#8243; _builder_version=\u00bb4.27.4&#8243; _module_preset=\u00bbdefault\u00bb positioning=\u00bbnone\u00bb position_origin_f=\u00bbbottom_left\u00bb vertical_offset=\u00bb60px\u00bb custom_padding=\u00bb||2%|12%|false|false\u00bb custom_padding_tablet=\u00bb5%|3%||10%|false|false\u00bb custom_padding_phone=\u00bb5%|4%||4%|false|true\u00bb custom_padding_last_edited=\u00bbon|tablet\u00bb sticky_position_tablet=\u00bbnone\u00bb sticky_position_phone=\u00bbnone\u00bb sticky_position_last_edited=\u00bbon|desktop\u00bb global_colors_info=\u00bb{}\u00bb][et_pb_text content_tablet=\u00bb<\/p>\n<h1>Boda en el bosque<\/h1>\n<h2>Lorem ipsum dolor sit amet<\/h2>\n<p>Lorem ipsum dolor sit amet, consectetur adipiscing elit. Pellentesque volutpat lobortis libero sit amet fringilla. Mauris velit erat, pulvinar sit amet dapibus ut, congue non nisl. Donec sollicitudin rutrum justo a viverra. Praesent in eros eu ipsum faucibus cursus. In hac habitasse platea dictumst. Praesent tempus fringilla libero quis tempor. Ut vel nunc volutpat, mattis mi a, ullamcorper sapien. Phasellus ac magna vel odio scelerisque ultrices in vitae nibh. Aliquam sit amet urna ut neque pellentesque aliquam sed ac justo. Donec id facilisis odio.\u00bb content_phone=\u00bb<\/p>\n<h1>Boda en el bosque<\/h1>\n<h2>Lorem ipsum dolor sit amet<\/h2>\n<p>Lorem ipsum dolor sit amet, consectetur adipiscing elit. Pellentesque volutpat lobortis libero sit amet fringilla. Mauris velit erat, pulvinar sit amet dapibus ut, congue non nisl. Donec sollicitudin rutrum justo a viverra. Praesent in eros eu ipsum faucibus cursus. In hac habitasse platea dictumst. Praesent tempus fringilla libero quis tempor. Ut vel nunc volutpat, mattis mi a, ullamcorper sapien. Phasellus ac magna vel odio scelerisque ultrices in vitae nibh. Aliquam sit amet urna ut neque pellentesque aliquam sed ac justo. Donec id facilisis odio.\u00bb content_last_edited=\u00bboff|desktop\u00bb admin_label=\u00bbInfo Portfolio\u00bb _builder_version=\u00bb4.27.4&#8243; _module_preset=\u00bbdefault\u00bb text_font=\u00bb||||||||\u00bb header_text_align=\u00bbright\u00bb header_font_size=\u00bb2.3em\u00bb header_2_font=\u00bb|||on|||||\u00bb header_2_text_align=\u00bbright\u00bb header_2_font_size=\u00bb1.1em\u00bb header_6_font=\u00bbTitulo &#8211; Season Regular|300|||||||\u00bb header_6_text_color=\u00bb#FFFFFF\u00bb header_6_font_size=\u00bb20px\u00bb header_6_line_height=\u00bb4.2em\u00bb background_enable_color=\u00bboff\u00bb text_orientation=\u00bbright\u00bb width_tablet=\u00bb760px\u00bb width_phone=\u00bb760px\u00bb width_last_edited=\u00bboff|desktop\u00bb max_width_tablet=\u00bb610px\u00bb max_width_last_edited=\u00bboff|desktop\u00bb module_alignment=\u00bbcenter\u00bb custom_margin=\u00bb||0px||false|false\u00bb custom_margin_tablet=\u00bb10%||4%|30px|false|false\u00bb custom_margin_phone=\u00bb5%||8%|0px|false|false\u00bb custom_margin_last_edited=\u00bbon|phone\u00bb custom_padding=\u00bb||||false|false\u00bb hover_enabled=\u00bb0&#8243; text_font_size_phone=\u00bb15px\u00bb text_font_size_last_edited=\u00bboff|desktop\u00bb header_text_align_tablet=\u00bbright\u00bb header_text_align_phone=\u00bbleft\u00bb header_text_align_last_edited=\u00bbon|tablet\u00bb header_font_size_tablet=\u00bb2.2em\u00bb header_font_size_phone=\u00bb2em\u00bb header_font_size_last_edited=\u00bbon|tablet\u00bb header_line_height_tablet=\u00bb\u00bb header_line_height_phone=\u00bb1em\u00bb header_line_height_last_edited=\u00bbon|phone\u00bb header_2_text_align_tablet=\u00bbcenter\u00bb header_2_text_align_phone=\u00bbcenter\u00bb header_2_text_align_last_edited=\u00bboff|desktop\u00bb header_2_font_size_tablet=\u00bb1.1em\u00bb header_2_font_size_phone=\u00bb1em\u00bb header_2_font_size_last_edited=\u00bbon|phone\u00bb text_orientation_tablet=\u00bbright\u00bb text_orientation_phone=\u00bbleft\u00bb text_orientation_last_edited=\u00bbon|desktop\u00bb custom_css_main_element=\u00bb  position: fixed;||  bottom: 140px; ||  z-index: 9999;||      right: 52%;||    width: 35%;\u00bb locked=\u00bboff\u00bb inline_fonts=\u00bbMulish\u00bb global_colors_info=\u00bb{}\u00bb custom_css_main_element_last_edited=\u00bbon|tablet\u00bb custom_css_main_element_tablet=\u00bbposition:static;\u00bb custom_css_main_element_phone=\u00bbposition:static;\u00bb sticky_enabled=\u00bb0&#8243;]<\/p>\n<h1>A&amp;O CATEDRAL DE TARRAGONA<\/h1>\n<p>Anna y Oriol celebraron su boda en la Catedral de Tarragona, una joya rom\u00e1nica con m\u00e1s de 2.000 a\u00f1os de historia. Situada en el coraz\u00f3n de la ciudad, esta\u00a0 imponente catedral no solo es un s\u00edmbolo de espiritualidad, sino tambi\u00e9n un testigo del paso del\u00a0 tiempo.<\/p>\n<p>La pareja decidi\u00f3 celebrar su ceremonia religiosa en la catedral. Tras la ceremonia, realizamos la sesi\u00f3n de fotos en el claustro de la catedral, un espacio tranquilo y cargado de simbolismo.<\/p>\n<p>La celebraci\u00f3n continu\u00f3 en Mas La Boella, una mas\u00eda rodeada de olivos y vi\u00f1edos a las afueras de Tarragona. La calidez del lugar, sumada a la elegancia de sus jardines, fue el complemento perfecto para una velada llena de alegr\u00eda.<\/p>\n<p>[\/et_pb_text][et_pb_button button_url=\u00bb\/empieza-aqui\/\u00bb button_text=\u00bbCONTACTAR\u00bb button_alignment=\u00bbright\u00bb button_alignment_tablet=\u00bbright\u00bb button_alignment_phone=\u00bbleft\u00bb button_alignment_last_edited=\u00bbon|phone\u00bb admin_label=\u00bbBot\u00f3n Contactar\u00bb _builder_version=\u00bb4.27.4&#8243; _module_preset=\u00bbdefault\u00bb custom_css_main_element=\u00bb  position: fixed;||  bottom: 70px; ||  z-index: 9999;||      right: 52%;\u00bb global_colors_info=\u00bb{}\u00bb custom_css_main_element_last_edited=\u00bbon|tablet\u00bb custom_css_main_element_tablet=\u00bbposition:static;\u00bb custom_css_main_element_phone=\u00bbposition:static;\u00bb][\/et_pb_button][\/et_pb_column][et_pb_column type=\u00bb1_2&#8243; _builder_version=\u00bb4.27.4&#8243; _module_preset=\u00bbdefault\u00bb background_enable_color=\u00bboff\u00bb background_enable_image=\u00bboff\u00bb positioning=\u00bbnone\u00bb position_origin_a=\u00bbcenter_right\u00bb position_origin_f=\u00bbcenter_right\u00bb custom_padding_phone=\u00bb||||false|false\u00bb custom_padding_last_edited=\u00bboff|phone\u00bb background_last_edited=\u00bboff|desktop\u00bb background_position_tablet=\u00bbtop_center\u00bb background_position_phone=\u00bbtop_center\u00bb global_colors_info=\u00bb{}\u00bb][et_pb_code admin_label=\u00bbC\u00f3digo Galer\u00eda\u00bb _builder_version=\u00bb4.27.4&#8243; _module_preset=\u00bbdefault\u00bb global_colors_info=\u00bb{}\u00bb]<script> const searchread_676eebe6fcac5221b8235a7b = ``;<\/script><template data-pt-<!--no numeric noise key 1000-->type=&#8217;blog&#8217; data-pt-slideshowid=&#8217;676eebe6fcac5221b8235a7b&#8217; ><\/template><script src='https:\/\/<!-- [et_pb_line_break_holder] --><!-- [et_pb_line_break_holder] -->joanbodart.pic-time.com\/-annaoriol5\/slideswebcomponentembed.js\/<!-- [et_pb_line_break_holder] --><!-- [et_pb_line_break_holder] -->676eebe6fcac5221b8235a7b?features=lightbox&filtertags=' type='text\/javascript' data-pt-<!-- [et_pb_line_break_holder] -->                                                                               scriptslideshowid='676eebe6fcac5221b8235a7b'><\/script>[\/et_pb_code][\/et_pb_column][\/et_pb_row][\/et_pb_section]<\/p>","protected":false},"excerpt":{"rendered":"<p>A&amp;O CATEDRAL DE TARRAGONA Anna y Oriol celebraron su boda en la Catedral de Tarragona, una joya rom\u00e1nica con m\u00e1s de 2.000 a\u00f1os de historia. Situada en el coraz\u00f3n de la ciudad, esta\u00a0 imponente catedral no solo es un s\u00edmbolo de espiritualidad, sino tambi\u00e9n un testigo del paso del\u00a0 tiempo. La pareja decidi\u00f3 celebrar su [&hellip;]<\/p>","protected":false},"author":1,"featured_media":0,"parent":339399,"menu_order":0,"comment_status":"closed","ping_status":"closed","template":"","meta":{"_et_pb_use_builder":"on","_et_pb_old_content":"","_et_gb_content_width":"","footnotes":""},"class_list":["post-339538","page","type-page","status-publish","hentry"],"_links":{"self":[{"href":"https:\/\/bodartphotography.com\/en\/wp-json\/wp\/v2\/pages\/339538","targetHints":{"allow":["GET"]}}],"collection":[{"href":"https:\/\/bodartphotography.com\/en\/wp-json\/wp\/v2\/pages"}],"about":[{"href":"https:\/\/bodartphotography.com\/en\/wp-json\/wp\/v2\/types\/page"}],"author":[{"embeddable":true,"href":"https:\/\/bodartphotography.com\/en\/wp-json\/wp\/v2\/users\/1"}],"replies":[{"embeddable":true,"href":"https:\/\/bodartphotography.com\/en\/wp-json\/wp\/v2\/comments?post=339538"}],"version-history":[{"count":5,"href":"https:\/\/bodartphotography.com\/en\/wp-json\/wp\/v2\/pages\/339538\/revisions"}],"predecessor-version":[{"id":340076,"href":"https:\/\/bodartphotography.com\/en\/wp-json\/wp\/v2\/pages\/339538\/revisions\/340076"}],"up":[{"embeddable":true,"href":"https:\/\/bodartphotography.com\/en\/wp-json\/wp\/v2\/pages\/339399"}],"wp:attachment":[{"href":"https:\/\/bodartphotography.com\/en\/wp-json\/wp\/v2\/media?parent=339538"}],"curies":[{"name":"wp","href":"https:\/\/api.w.org\/{rel}","templated":true}]}}