{"id":339399,"date":"2024-12-17T11:25:24","date_gmt":"2024-12-17T11:25:24","guid":{"rendered":"https:\/\/bodartphotography.com\/?page_id=339399"},"modified":"2026-02-12T16:12:30","modified_gmt":"2026-02-12T16:12:30","slug":"bellas-historias","status":"publish","type":"page","link":"https:\/\/bodartphotography.com\/en\/bellas-historias\/","title":{"rendered":"Beautiful Stories"},"content":{"rendered":"<p>[et_pb_section fb_built=\u00bb1&#8243; _builder_version=\u00bb4.27.4&#8243; _module_preset=\u00bbdefault\u00bb background_color=\u00bb#F8F5F3&#8243; custom_padding=\u00bb40px||0px||false|false\u00bb global_colors_info=\u00bb{}\u00bb][et_pb_row _builder_version=\u00bb4.27.4&#8243; _module_preset=\u00bbdefault\u00bb global_colors_info=\u00bb{}\u00bb][et_pb_column type=\u00bb4_4&#8243; _builder_version=\u00bb4.27.4&#8243; _module_preset=\u00bbdefault\u00bb global_colors_info=\u00bb{}\u00bb][et_pb_text _builder_version=\u00bb4.27.4&#8243; _module_preset=\u00bbdefault\u00bb text_orientation=\u00bbcenter\u00bb global_colors_info=\u00bb{}\u00bb]<\/p>\n<h1>MY CAPTURES AS WEDDING PHOTOGRAPHER IN BARCELONA<\/h1>\n<p>[\/et_pb_text][\/et_pb_column][\/et_pb_row][et_pb_row column_structure=\u00bb1_3,1_3,1_3&#8243; use_custom_gutter=\u00bbon\u00bb gutter_width=\u00bb2&#8243; module_class=\u00bbmodulosportfolio\u00bb _builder_version=\u00bb4.27.4&#8243; _module_preset=\u00bbdefault\u00bb custom_margin=\u00bb||||false|false\u00bb global_colors_info=\u00bb{}\u00bb][et_pb_column type=\u00bb1_3&#8243; _builder_version=\u00bb4.27.3&#8243; _module_preset=\u00bbdefault\u00bb global_colors_info=\u00bb{}\u00bb][et_pb_blurb title=\u00bbBoda en la Mas\u00eda Casa del Mar\u00bb url=\u00bbhttps:\/\/bodartphotography.com\/bellas-historias\/as-masia-casa-del-mar\/\u00bb image=\u00bbhttps:\/\/bodartphotography.com\/wp-content\/uploads\/2025\/01\/bodart_AS-CASA-DEL-MAR.png\u00bb alt=\u00bbbodart_A&#038;S CASA DEL MAR\u00bb _builder_version=\u00bb4.27.4&#8243; _module_preset=\u00bbdefault\u00bb header_level=\u00bbh2&#8243; header_font=\u00bb&#8211;et_global_body_font||||||||\u00bb header_text_align=\u00bbright\u00bb header_font_size=\u00bb15px\u00bb link_option_url=\u00bbhttps:\/\/bodartphotography.com\/bellas-historias\/as-masia-casa-del-mar\/\u00bb header_font_size_tablet=\u00bb15px\u00bb header_font_size_phone=\u00bb15px\u00bb header_font_size_last_edited=\u00bbon|desktop\u00bb custom_css_blurb_image=\u00bbwidth:280px!important;\u00bb global_colors_info=\u00bb{}\u00bb image__hover_enabled=\u00bboff|desktop\u00bb custom_css_blurb_image_last_edited=\u00bbon|phone\u00bb custom_css_blurb_image_tablet=\u00bbwidth:100%;\u00bb custom_css_blurb_image_phone=\u00bbwidth:100%;\u00bb][\/et_pb_blurb][\/et_pb_column][et_pb_column type=\u00bb1_3&#8243; _builder_version=\u00bb4.27.3&#8243; _module_preset=\u00bbdefault\u00bb global_colors_info=\u00bb{}\u00bb][et_pb_blurb title=\u00bbBoda en el Castell de Tamarit\u00bb url=\u00bbhttps:\/\/bodartphotography.com\/bellas-historias\/kc-castell-de-tamarit\/\u00bb image=\u00bbhttps:\/\/bodartphotography.com\/wp-content\/uploads\/2026\/01\/boda-castell-de-tamarit-destination-wedding-1.jpg\u00bb alt=\u00bbboda-castell-de-tamarit-destination-wedding\u00bb _builder_version=\u00bb4.27.4&#8243; _module_preset=\u00bbdefault\u00bb header_level=\u00bbh2&#8243; header_font=\u00bb&#8211;et_global_body_font||||||||\u00bb header_text_align=\u00bbright\u00bb header_font_size=\u00bb15px\u00bb custom_margin_tablet=\u00bb6%||6%||true|false\u00bb custom_margin_phone=\u00bb10%||10%||true|false\u00bb custom_margin_last_edited=\u00bbon|desktop\u00bb link_option_url=\u00bbhttps:\/\/bodartphotography.com\/bellas-historias\/kc-castell-de-tamarit\/\u00bb header_font_size_tablet=\u00bb15px\u00bb header_font_size_phone=\u00bb15px\u00bb header_font_size_last_edited=\u00bbon|desktop\u00bb custom_css_blurb_image=\u00bbwidth:280px!important;\u00bb global_colors_info=\u00bb{}\u00bb image__hover_enabled=\u00bboff|desktop\u00bb custom_css_blurb_image_last_edited=\u00bbon|desktop\u00bb custom_css_blurb_image_tablet=\u00bbwidth:100%;\u00bb custom_css_blurb_image_phone=\u00bbwidth:100%;\u00bb][\/et_pb_blurb][\/et_pb_column][et_pb_column type=\u00bb1_3&#8243; _builder_version=\u00bb4.27.3&#8243; _module_preset=\u00bbdefault\u00bb global_colors_info=\u00bb{}\u00bb][et_pb_blurb title=\u00bbBoda en la Catedral de Tarragona\u00bb url=\u00bbhttps:\/\/bodartphotography.com\/bellas-historias\/ao-catedral-de-tarragona\/\u00bb image=\u00bbhttps:\/\/bodartphotography.com\/wp-content\/uploads\/2025\/01\/bodart_OA-CATEDRAL-DE-TARRAGONA.png\u00bb alt=\u00bbbodart_O&#038;A CATEDRAL DE TARRAGONA\u00bb _builder_version=\u00bb4.27.4&#8243; _module_preset=\u00bbdefault\u00bb header_level=\u00bbh2&#8243; header_font=\u00bb&#8211;et_global_body_font||||||||\u00bb header_text_align=\u00bbright\u00bb header_font_size=\u00bb15px\u00bb link_option_url=\u00bbhttps:\/\/bodartphotography.com\/bellas-historias\/ao-catedral-de-tarragona\/\u00bb header_font_size_tablet=\u00bb15px\u00bb header_font_size_phone=\u00bb15px\u00bb header_font_size_last_edited=\u00bbon|desktop\u00bb custom_css_main_element=\u00bbdisplay:flex-end;\u00bb custom_css_blurb_image=\u00bbwidth:280px!important;\u00bb global_colors_info=\u00bb{}\u00bb image__hover_enabled=\u00bboff|desktop\u00bb custom_css_blurb_image_last_edited=\u00bbon|tablet\u00bb custom_css_blurb_image_tablet=\u00bbwidth:100%;\u00bb custom_css_blurb_image_phone=\u00bbwidth:100%;\u00bb][\/et_pb_blurb][\/et_pb_column][\/et_pb_row][et_pb_row column_structure=\u00bb1_3,1_3,1_3&#8243; use_custom_gutter=\u00bbon\u00bb gutter_width=\u00bb2&#8243; module_class=\u00bbmodulosportfolio\u00bb _builder_version=\u00bb4.27.4&#8243; _module_preset=\u00bbdefault\u00bb custom_margin=\u00bb1%||||false|false\u00bb global_colors_info=\u00bb{}\u00bb][et_pb_column type=\u00bb1_3&#8243; _builder_version=\u00bb4.27.3&#8243; _module_preset=\u00bbdefault\u00bb global_colors_info=\u00bb{}\u00bb][et_pb_blurb title=\u00bbBoda en Heretat Sabart\u00e9s\u00bb url=\u00bbhttps:\/\/bodartphotography.com\/bellas-historias\/ae-heretat-sabartes\/\u00bb image=\u00bbhttps:\/\/bodartphotography.com\/wp-content\/uploads\/2025\/01\/bodart_AE-HERETAT-SABARTES.png\u00bb alt=\u00bbbodart_A&#038;E HERETAT SABARTE\u0301S\u00bb _builder_version=\u00bb4.27.4&#8243; _module_preset=\u00bbdefault\u00bb header_level=\u00bbh2&#8243; header_font=\u00bb&#8211;et_global_body_font||||||||\u00bb header_text_align=\u00bbright\u00bb header_font_size=\u00bb15px\u00bb link_option_url=\u00bbhttps:\/\/bodartphotography.com\/bellas-historias\/ae-heretat-sabartes\/\u00bb header_font_size_tablet=\u00bb15px\u00bb header_font_size_phone=\u00bb15px\u00bb header_font_size_last_edited=\u00bbon|desktop\u00bb custom_css_main_element=\u00bbdisplay:flex-end;\u00bb custom_css_blurb_image=\u00bbwidth:280px!important;\u00bb global_colors_info=\u00bb{}\u00bb image__hover_enabled=\u00bboff|desktop\u00bb custom_css_blurb_image_last_edited=\u00bbon|tablet\u00bb custom_css_blurb_image_tablet=\u00bbwidth:100%;\u00bb custom_css_blurb_image_phone=\u00bbwidth:100%;\u00bb][\/et_pb_blurb][\/et_pb_column][et_pb_column type=\u00bb1_3&#8243; _builder_version=\u00bb4.27.3&#8243; _module_preset=\u00bbdefault\u00bb global_colors_info=\u00bb{}\u00bb][et_pb_blurb title=\u00bbBoda en L\u00b4Avellana\u00bb url=\u00bbhttps:\/\/bodartphotography.com\/bellas-historias\/cs-lavellana\/\u00bb image=\u00bbhttps:\/\/bodartphotography.com\/wp-content\/uploads\/2025\/01\/bodart_CS-LAVELLANA.png\u00bb alt=\u00bbbodart_C&#038;S L&#8217;AVELLANA\u00bb _builder_version=\u00bb4.27.4&#8243; _module_preset=\u00bbdefault\u00bb header_level=\u00bbh2&#8243; header_font=\u00bb&#8211;et_global_body_font||||||||\u00bb header_text_align=\u00bbright\u00bb header_font_size=\u00bb15px\u00bb custom_margin_tablet=\u00bb6%||6%||true|false\u00bb custom_margin_phone=\u00bb10%||10%||true|false\u00bb custom_margin_last_edited=\u00bbon|desktop\u00bb link_option_url=\u00bbhttps:\/\/bodartphotography.com\/bellas-historias\/cs-lavellana\/\u00bb header_font_size_tablet=\u00bb15px\u00bb header_font_size_phone=\u00bb15px\u00bb header_font_size_last_edited=\u00bbon|desktop\u00bb custom_css_main_element=\u00bbdisplay:flex-end;\u00bb custom_css_blurb_image=\u00bbwidth:280px!important;\u00bb global_colors_info=\u00bb{}\u00bb image__hover_enabled=\u00bboff|desktop\u00bb custom_css_blurb_image_last_edited=\u00bbon|tablet\u00bb custom_css_blurb_image_tablet=\u00bbwidth:100%;\u00bb custom_css_blurb_image_phone=\u00bbwidth:100%;\u00bb][\/et_pb_blurb][\/et_pb_column][et_pb_column type=\u00bb1_3&#8243; _builder_version=\u00bb4.27.3&#8243; _module_preset=\u00bbdefault\u00bb global_colors_info=\u00bb{}\u00bb][et_pb_blurb title=\u00bbBoda en La Garriga de Castelladral\u00bb url=\u00bbhttps:\/\/bodartphotography.com\/bellas-historias\/mm-la-garriga-de-castelladral\/\u00bb image=\u00bbhttps:\/\/bodartphotography.com\/wp-content\/uploads\/2025\/01\/bodart_MM-LA-GARRIGA-DE-CASTELLADRAL.png\u00bb alt=\u00bbbodart_M&#038;M LA GARRIGA DE CASTELLADRAL\u00bb _builder_version=\u00bb4.27.4&#8243; _module_preset=\u00bbdefault\u00bb header_level=\u00bbh2&#8243; header_font=\u00bb&#8211;et_global_body_font||||||||\u00bb header_text_align=\u00bbright\u00bb header_font_size=\u00bb15px\u00bb custom_margin=\u00bb-7%||||false|false\u00bb custom_margin_tablet=\u00bb0%||||false|false\u00bb custom_margin_phone=\u00bb0%||||false|false\u00bb custom_margin_last_edited=\u00bbon|phone\u00bb link_option_url=\u00bbhttps:\/\/bodartphotography.com\/bellas-historias\/mm-la-garriga-de-castelladral\/\u00bb header_font_size_tablet=\u00bb15px\u00bb header_font_size_phone=\u00bb15px\u00bb header_font_size_last_edited=\u00bbon|desktop\u00bb custom_css_main_element=\u00bbdisplay:flex-end;\u00bb custom_css_blurb_image=\u00bbwidth:280px!important;\u00bb global_colors_info=\u00bb{}\u00bb image__hover_enabled=\u00bboff|desktop\u00bb custom_css_blurb_image_last_edited=\u00bbon|tablet\u00bb custom_css_blurb_image_tablet=\u00bbwidth:100%;\u00bb custom_css_blurb_image_phone=\u00bbwidth:100%;\u00bb][\/et_pb_blurb][\/et_pb_column][\/et_pb_row][et_pb_row custom_padding_last_edited=\u00bbon|phone\u00bb _builder_version=\u00bb4.27.4&#8243; _module_preset=\u00bbdefault\u00bb background_color=\u00bb#D7D0C8&#8243; width=\u00bb100%\u00bb max_width=\u00bb100%\u00bb custom_margin=\u00bb5%|auto||auto|false|false\u00bb custom_padding=\u00bb4%||5%||false|false\u00bb custom_padding_tablet=\u00bb9%||12%||false|false\u00bb custom_padding_phone=\u00bb12%||20%||false|false\u00bb global_colors_info=\u00bb{}\u00bb][et_pb_column type=\u00bb4_4&#8243; _builder_version=\u00bb4.27.3&#8243; _module_preset=\u00bbdefault\u00bb global_colors_info=\u00bb{}\u00bb][et_pb_text _builder_version=\u00bb4.27.4&#8243; _module_preset=\u00bbdefault\u00bb header_2_text_align=\u00bbcenter\u00bb header_2_text_color=\u00bb#282828&#8243; header_2_font_size=\u00bb3em\u00bb header_3_text_align=\u00bbcenter\u00bb header_3_text_color=\u00bb#FFFFFF\u00bb header_3_font_size=\u00bb2em\u00bb custom_margin=\u00bb||0px||false|false\u00bb custom_padding=\u00bb||0px||false|false\u00bb header_2_font_size_tablet=\u00bb2.5em\u00bb header_2_font_size_phone=\u00bb2.2em\u00bb header_2_font_size_last_edited=\u00bbon|phone\u00bb header_3_font_size_tablet=\u00bb2em\u00bb header_3_font_size_phone=\u00bb1.6em\u00bb header_3_font_size_last_edited=\u00bbon|desktop\u00bb global_colors_info=\u00bb{}\u00bb]<\/p>\n<h2>Kind words<\/h2>\n<p>[\/et_pb_text][wdc_testimonial_carousel animation_speed=\u00bb900ms\u00bb autoplay_speed=\u00bb9000ms\u00bb nav_pagi=\u00bbpagi\u00bb slide_count=\u00bb1&#8243; arrow_color=\u00bb#221C11&#8243; arrow_bg=\u00bbRGBA(255,255,255,0)\u00bb icon_left=\u00bb&#x34;||divi||400&#8243; icon_right=\u00bb&#x35;||divi||400&#8243; pagi_color=\u00bb#282828&#8243; pagi_height=\u00bb15px\u00bb pagi_width=\u00bb15px\u00bb pagi_radius=\u00bbon|30px|30px|30px|30px\u00bb pagi_color_active=\u00bb#282828&#8243; pagi_width_active=\u00bb15px\u00bb tab_placement=\u00bbright\u00bb tab_bg=\u00bbRGBA(255,255,255,0)\u00bb tab_item_bg=\u00bbRGBA(255,255,255,0)\u00bb is_swipe_last_edited=\u00bboff|desktop\u00bb _builder_version=\u00bb4.27.4&#8243; _module_preset=\u00bbdefault\u00bb title_font=\u00bb&#8211;et_global_heading_font||||||||\u00bb title_text_color=\u00bb#282828&#8243; title_font_size=\u00bb2em\u00bb subtitle_font=\u00bb&#8211;et_global_heading_font||||||||\u00bb subtitle_text_color=\u00bb#282828&#8243; background_enable_color=\u00bboff\u00bb max_width=\u00bb50%\u00bb max_width_tablet=\u00bb85%\u00bb max_width_phone=\u00bb90%\u00bb max_width_last_edited=\u00bbon|tablet\u00bb module_alignment=\u00bbcenter\u00bb custom_margin=\u00bb||||false|false\u00bb custom_margin_tablet=\u00bb||||false|false\u00bb custom_margin_last_edited=\u00bboff|tablet\u00bb custom_padding=\u00bb||||false|false\u00bb custom_padding_tablet=\u00bb||15%||false|false\u00bb custom_padding_phone=\u00bb||25%||false|false\u00bb custom_padding_last_edited=\u00bboff|desktop\u00bb module_alignment_tablet=\u00bbcenter\u00bb module_alignment_phone=\u00bbcenter\u00bb module_alignment_last_edited=\u00bbon|tablet\u00bb global_colors_info=\u00bb{}\u00bb pagi_color__hover_enabled=\u00bboff|desktop\u00bb pagi_color__hover=\u00bb#F6D3C2&#8243;][wdc_testimonial_carousel_child title=\u00bbPAULA &#038; ROBERTO\u00bb testimonial=\u00bbOdio hacerme fotos, pero con Joan todo es sencillo, discreto y sale solo; \u00e9l consigue hacerte olvidar que tiene una c\u00e1mara en su mano y hace que seas 100% t\u00fa.<\/p>\n<p>The photos he takes are of moments and convey so much, they make you remember words, emotions, and even smells. I relive that night over and over again!<\/p>\n<p>Os parecer\u00e1 un t\u00f3pico, pero cuando vi las fotos de mi boda le mand\u00e9 un audio llorando de felicidad. Estoy muy contenta y agradecida.\u00bb hide_quote=\u00bbon\u00bb review_design=\u00bbnormal\u00bb alignment=\u00bbleft\u00bb _builder_version=\u00bb4.27.4&#8243; _module_preset=\u00bbdefault\u00bb name_text_align=\u00bbleft\u00bb name_text_color=\u00bb#282828&#8243; name_font_size=\u00bb1.3em\u00bb title_font=\u00bb&#8211;et_global_heading_font|200|||||||\u00bb title_text_align=\u00bbcenter\u00bb title_text_color=\u00bb#282828&#8243; title_font_size=\u00bb1.4em\u00bb review_font=\u00bb&#8211;et_global_body_font||||||||\u00bb review_text_align=\u00bbcenter\u00bb review_font_size=\u00bb15px\u00bb background_enable_color=\u00bboff\u00bb custom_margin=\u00bb0px||||false|false\u00bb custom_padding=\u00bb0px||||false|false\u00bb name_font_size_tablet=\u00bb1.2em\u00bb name_font_size_phone=\u00bb1.1em\u00bb name_font_size_last_edited=\u00bbon|phone\u00bb custom_css_main_element=\u00bbwidth:900px!important\u00bb global_colors_info=\u00bb{}\u00bb][\/wdc_testimonial_carousel_child][wdc_testimonial_carousel_child admin_title=\u00bbELENA &#038; PAU\u00bb title=\u00bbELENA &#038; PAU\u00bb testimonial=\u00bbDesde el primer momento nos fascin\u00f3 su estilo tan natural, elegante y sencillo, que se refleja tanto en las fotos de nuestra pre boda como en el d\u00eda B. Su compromiso, cercan\u00eda y profesionalidad hicieron que lo tuvi\u00e9ramos muy claro.<\/p>\n<p>The rigorous follow-up he does made us feel accompanied throughout the preparation.<\/p>\n<p>\u00a1Te estaremos muy agradecidos por todo el trabajo hecho y sin duda alguna volver\u00edamos a escogerte!\u00bb hide_quote=\u00bbon\u00bb review_design=\u00bbnormal\u00bb alignment=\u00bbleft\u00bb _builder_version=\u00bb4.27.4&#8243; _module_preset=\u00bbdefault\u00bb name_text_align=\u00bbleft\u00bb name_text_color=\u00bb#423937&#8243; name_font_size=\u00bb1.3em\u00bb title_font=\u00bb&#8211;et_global_heading_font|200|||||||\u00bb title_text_align=\u00bbcenter\u00bb title_font_size=\u00bb1.4em\u00bb review_font=\u00bb&#8211;et_global_body_font||||||||\u00bb review_text_align=\u00bbcenter\u00bb review_font_size=\u00bb15px\u00bb background_enable_color=\u00bboff\u00bb custom_margin=\u00bb0px||||false|false\u00bb custom_padding=\u00bb0px||||false|false\u00bb name_font_size_tablet=\u00bb1.2em\u00bb name_font_size_phone=\u00bb1.1em\u00bb name_font_size_last_edited=\u00bbon|phone\u00bb custom_css_main_element=\u00bbwidth:900px!important\u00bb global_colors_info=\u00bb{}\u00bb][\/wdc_testimonial_carousel_child][wdc_testimonial_carousel_child admin_title=\u00bbSUSANA &#038; SERGI\u00bb title=\u00bbSUSANA &#038; SERGI\u00bb testimonial=\u00bbJoan es un profesional de los pies a la cabeza. A parte de su magia captando momentos \u00fanicos, hace todo un trabajo previo a la boda junto a la pareja lo que hace que no s\u00f3lo capte im\u00e1genes sino tambi\u00e9n emociones.<\/p>\n<p>Lo que m\u00e1s nos gust\u00f3 es que nos supo guiar durante todo el proceso, d\u00e1ndonos indicaciones super detalladas y cuestionarios que incluso se convert\u00edan en un momento de desahogo y diversi\u00f3n en medio del caos de los preparativos.\u00bb hide_quote=\u00bbon\u00bb review_design=\u00bbnormal\u00bb alignment=\u00bbleft\u00bb _builder_version=\u00bb4.27.4&#8243; _module_preset=\u00bbdefault\u00bb name_text_align=\u00bbleft\u00bb name_text_color=\u00bb#423937&#8243; name_font_size=\u00bb1.3em\u00bb title_font=\u00bb&#8211;et_global_heading_font|200|||||||\u00bb title_text_align=\u00bbcenter\u00bb title_font_size=\u00bb1.4em\u00bb review_font=\u00bb&#8211;et_global_body_font||||||||\u00bb review_text_align=\u00bbcenter\u00bb review_font_size=\u00bb15px\u00bb background_enable_color=\u00bboff\u00bb custom_margin=\u00bb0px||||false|false\u00bb custom_padding=\u00bb0px||||false|false\u00bb name_font_size_tablet=\u00bb1.2em\u00bb name_font_size_phone=\u00bb1.1em\u00bb name_font_size_last_edited=\u00bbon|phone\u00bb custom_css_main_element=\u00bbwidth:900px!important\u00bb global_colors_info=\u00bb{}\u00bb][\/wdc_testimonial_carousel_child][\/wdc_testimonial_carousel][\/et_pb_column][\/et_pb_row][\/et_pb_section]<\/p>","protected":false},"excerpt":{"rendered":"<p>MIS CAPTURAS COMO FOT\u00d3GRAFO DE BODAS EN BARCELONAPalabras amables<div class=\"et_pb_module wdc_testimonial_carousel wdc_testimonial_carousel_0\">\n\t\t\t\t\n\t\t\t\t\n\t\t\t\t\n\t\t\t\t\n\t\t\t\t\n\t\t\t\t\n\t\t\t\t<div class=\"et_pb_module_inner\">\n\t\t\t\t\t<div class=\"wdc-carousel-parent\" data-settings=\"{&quot;responsive&quot;:[{&quot;breakpoint&quot;:980,&quot;settings&quot;:{&quot;slidesToShow&quot;:1,&quot;dots&quot;:true}},{&quot;breakpoint&quot;:767,&quot;settings&quot;:{&quot;slidesToShow&quot;:1,&quot;dots&quot;:true}}],&quot;fade&quot;:false,&quot;pauseOnHover&quot;:true,&quot;rtl&quot;:false,&quot;adaptiveHeight&quot;:false,&quot;swipe&quot;:true,&quot;variableWidth&quot;:false,&quot;dots&quot;:true,&quot;cssEase&quot;:&quot;ease-in-out&quot;,&quot;arrows&quot;:false,&quot;infinite&quot;:true,&quot;autoplay&quot;:true,&quot;autoplaySpeed&quot;:9000,&quot;speed&quot;:900,&quot;slidesToShow&quot;:1,&quot;slidesToScroll&quot;:1,&quot;centerPadding&quot;:&quot;70px&quot;,&quot;centerMode&quot;:false,&quot;vertical&quot;:false,&quot;prevArrow&quot;:&quot;&lt;button type=\\&quot;button\\&quot; data-icon=\\&quot; &amp;#x34;\\&quot;class=\\&quot;slick-arrow slick-prev\\&quot;&gt;Prev&lt;\\\/button&gt;&quot;,&quot;nextArrow&quot;:&quot;&lt;button type=\\&quot;button\\&quot; data-icon=\\&quot; &amp;#x35;\\&quot;class=\\&quot;slick-arrow slick-next\\&quot;&gt;Prev&lt;\\\/button&gt;&quot;,&quot;lazyLoad&quot;:&quot;progressive&quot;}\" dir=\"ltr\">\n                <div class=\"wdc-carousel wdc-testimonal-carousel-0 wdc-carousel-jq wdc-testimonial-carousel wdc-carousel-frontend equal-height-on\">\n                    \n                <\/div>\n                \n            <\/div>\n\t\t\t\t<\/div>\n\t\t\t<\/div><div class=\"wdc_testimonial_carousel_child wdc_testimonial_carousel_child_0 wdc_et_pb_module\">\n\t\t\t\t\n\t\t\t\t\n\t\t\t\t\n\t\t\t\t\n\t\t\t\t\n\t\t\t\t\n\t\t\t\t<div class=\"et_pb_module_inner\">\n\t\t\t\t\t<div class=\"wdc-carousel-item wdc-testimonial-item\">\n                 \n                <div class=\"wdc-testimonial-inner wdc-bg-support wdc-img-top\">\n                     <div class=\"wdc-testimonial-icon wdc-icon-bg\">\n                <i class=\"wdc-ico-quote-1\"><\/i>\n            <\/div> \n                    <div class=\"wdc-testimonial-content\">\n                          <div class=\"wdc-testimonial-review\"> <\/div>\n                        <div class=\"wdc-item-base\">\n                            <div class=\"wdc-testimonial-reviewer\">\n                    \n                    <div class=\"wdc-testimonial-reviewer-text\">\n                         <p>\u00bbPAULA<\/p> \n                    <\/div>\n                <\/div> \n                        <\/div>\n                    <\/div>\n                <\/div>\n\t\t\t<\/div>\n\t\t\t\t<\/div>\n\t\t\t<\/div><\/p>","protected":false},"author":1,"featured_media":0,"parent":0,"menu_order":0,"comment_status":"closed","ping_status":"closed","template":"","meta":{"_et_pb_use_builder":"on","_et_pb_old_content":"","_et_gb_content_width":"","footnotes":""},"class_list":["post-339399","page","type-page","status-publish","hentry"],"_links":{"self":[{"href":"https:\/\/bodartphotography.com\/en\/wp-json\/wp\/v2\/pages\/339399","targetHints":{"allow":["GET"]}}],"collection":[{"href":"https:\/\/bodartphotography.com\/en\/wp-json\/wp\/v2\/pages"}],"about":[{"href":"https:\/\/bodartphotography.com\/en\/wp-json\/wp\/v2\/types\/page"}],"author":[{"embeddable":true,"href":"https:\/\/bodartphotography.com\/en\/wp-json\/wp\/v2\/users\/1"}],"replies":[{"embeddable":true,"href":"https:\/\/bodartphotography.com\/en\/wp-json\/wp\/v2\/comments?post=339399"}],"version-history":[{"count":15,"href":"https:\/\/bodartphotography.com\/en\/wp-json\/wp\/v2\/pages\/339399\/revisions"}],"predecessor-version":[{"id":340768,"href":"https:\/\/bodartphotography.com\/en\/wp-json\/wp\/v2\/pages\/339399\/revisions\/340768"}],"wp:attachment":[{"href":"https:\/\/bodartphotography.com\/en\/wp-json\/wp\/v2\/media?parent=339399"}],"curies":[{"name":"wp","href":"https:\/\/api.w.org\/{rel}","templated":true}]}}