{"id":339378,"date":"2024-12-17T09:31:12","date_gmt":"2024-12-17T09:31:12","guid":{"rendered":"https:\/\/bodartphotography.com\/?page_id=339378"},"modified":"2026-02-19T17:13:39","modified_gmt":"2026-02-19T17:13:39","slug":"empieza-aqui","status":"publish","type":"page","link":"https:\/\/bodartphotography.com\/en\/empieza-aqui\/","title":{"rendered":"START HERE"},"content":{"rendered":"<p>[et_pb_section fb_built=\u00bb1&#8243; custom_padding_last_edited=\u00bbon|phone\u00bb _builder_version=\u00bb4.27.3&#8243; _module_preset=\u00bbdefault\u00bb background_color=\u00bb#F8F5F3&#8243; z_index=\u00bb222&#8243; custom_margin=\u00bb-6%||||false|false\u00bb custom_margin_tablet=\u00bb-12%||||false|false\u00bb custom_margin_phone=\u00bb-24%||||false|false\u00bb custom_margin_last_edited=\u00bbon|phone\u00bb custom_padding=\u00bb0px||0px||false|false\u00bb custom_padding_tablet=\u00bb0px||0px||false|false\u00bb custom_padding_phone=\u00bb0px||0px||false|false\u00bb global_colors_info=\u00bb{}\u00bb][et_pb_row column_structure=\u00bb3_5,2_5&#8243; use_custom_gutter=\u00bbon\u00bb gutter_width=\u00bb1&#8243; make_equal=\u00bbon\u00bb _builder_version=\u00bb4.27.5&#8243; _module_preset=\u00bbdefault\u00bb width=\u00bb100%\u00bb max_width=\u00bb100%\u00bb custom_padding=\u00bb0px||0px|||\u00bb border_width_top=\u00bb1px\u00bb global_colors_info=\u00bb{}\u00bb][et_pb_column type=\u00bb3_5&#8243; _builder_version=\u00bb4.27.5&#8243; _module_preset=\u00bbdefault\u00bb global_colors_info=\u00bb{}\u00bb][et_pb_text content_tablet=\u00bb<\/p>\n<h2>Could you share some datails about your big day?<\/h2>\n<p>\u00bb content_phone=\u00bb<\/p>\n<h2 style=\"%22text-align:\" center;%22>Could you share some datails about your big day?<\/h2>\n<p>\u00bb content_last_edited=\u00bbon|phone\u00bb _builder_version=\u00bb4.27.5&#8243; _module_preset=\u00bbdefault\u00bb text_font=\u00bb||||||||\u00bb text_letter_spacing=\u00bb1px\u00bb header_2_font=\u00bb||||||||\u00bb header_2_text_align=\u00bbleft\u00bb header_2_font_size=\u00bb2.5em\u00bb header_6_font=\u00bbTitulo &#8211; Season Regular|300|||||||\u00bb header_6_text_color=\u00bb#FFFFFF\u00bb header_6_font_size=\u00bb20px\u00bb header_6_line_height=\u00bb4.2em\u00bb background_enable_color=\u00bboff\u00bb width=\u00bb760px\u00bb width_tablet=\u00bb700px\u00bb width_phone=\u00bb350px\u00bb width_last_edited=\u00bbon|phone\u00bb max_width=\u00bb760px\u00bb max_width_tablet=\u00bb700px\u00bb max_width_phone=\u00bb350px\u00bb max_width_last_edited=\u00bbon|tablet\u00bb module_alignment=\u00bbcenter\u00bb custom_margin=\u00bb22.6%||0%|-85px|false|false\u00bb custom_margin_tablet=\u00bb10%||2%|0px|false|false\u00bb custom_margin_phone=\u00bb32.1%||0%|0px|false|false\u00bb custom_margin_last_edited=\u00bbon|phone\u00bb custom_padding=\u00bb||||false|false\u00bb text_font_size_tablet=\u00bb\u00bb text_font_size_phone=\u00bb13px\u00bb text_font_size_last_edited=\u00bbon|phone\u00bb header_2_text_align_tablet=\u00bbcenter\u00bb header_2_text_align_phone=\u00bbcenter\u00bb header_2_text_align_last_edited=\u00bboff|desktop\u00bb header_2_font_size_tablet=\u00bb\u00bb header_2_font_size_phone=\u00bb2em\u00bb header_2_font_size_last_edited=\u00bbon|phone\u00bb text_orientation_tablet=\u00bbleft\u00bb text_orientation_phone=\u00bbleft\u00bb text_orientation_last_edited=\u00bbon|desktop\u00bb locked=\u00bboff\u00bb inline_fonts=\u00bbMulish\u00bb global_colors_info=\u00bb{}\u00bb custom_css_main_element_last_edited=\u00bbon|tablet\u00bb]<\/p>\n<h2>Could you share some datails about your big day?<\/h2>\n<p>[\/et_pb_text][et_pb_code raw_content_tablet=\u00bb<iframe height=\"%22580%22\" style=\"%22min-width:\" 100%; max-width: 850px; border: 0;padding:0;margin:0%22 id=\"%22sn-form-ia3jv%22src=%22https:\/\/app.studioninja.co\/contactform\/parser\/0a800fc8-806f-116c-8180-953d1e714611\/0a800fc9-8070-1d6c-8180-95565caf53ae%22allowfullscreen\"><br \/>\n<\/iframe><br \/>\n<script type=%22text\/javascript%22 data-iframe-id=%22sn-form-ia3jv%22\nsrc=%22https:\/\/app.studioninja.co\/client-assets\/form-render\/assets\/scripts\/iframeResizer.js%22><\/script>\u00bb raw_content_phone=\u00bb<iframe height=\"%22580%22\" style=\"%22min-width:\" 100%; max-width: 850px; border: 0;padding:0;margin:0%22 id=\"%22sn-form-ia3jv%22src=%22https:\/\/app.studioninja.co\/contactform\/parser\/0a800fc8-806f-116c-8180-953d1e714611\/0a800fc9-8070-1d6c-8180-95565caf53ae%22allowfullscreen\"><br \/>\n<\/iframe><br \/>\n<script type=%22text\/javascript%22 data-iframe-id=%22sn-form-ia3jv%22\nsrc=%22https:\/\/app.studioninja.co\/client-assets\/form-render\/assets\/scripts\/iframeResizer.js%22><\/script>\u00bb raw_content_last_edited=\u00bboff|desktop\u00bb _builder_version=\u00bb4.27.5&#8243; _module_preset=\u00bbdefault\u00bb background_enable_color=\u00bboff\u00bb module_alignment=\u00bbcenter\u00bb custom_margin_tablet=\u00bb|||-25px|false|false\u00bb custom_margin_phone=\u00bb|||-45px|false|false\u00bb custom_margin_last_edited=\u00bboff|desktop\u00bb custom_padding=\u00bb||7px|||\u00bb global_colors_info=\u00bb{}\u00bb]<\/p>\n<div class=\"form-es\"><!-- [et_pb_line_break_holder] --><iframe height=\"611\" style=\"min-width: 100%; max-width: 800px; border: 0;\" id=\"sn-form-gsh9i\"<!--no numeric noise key 1015-->        src=\u00bbhttps:\/\/app.studioninja.co\/contactform\/parser\/0a800fc8-806f-116c-8180-953d1e714611\/0a800fc9-8070-1d6c-8180-95565caf53ae\u00bb<!-- [et_pb_line_break_holder] -->        allowfullscreen><!-- [et_pb_line_break_holder] --><\/iframe><!-- [et_pb_line_break_holder] --><script type=\"text\/javascript\" data-iframe-id=\"sn-form-gsh9i\"<!-- [et_pb_line_break_holder] -->        src=\"https:\/\/app.studioninja.co\/client-assets\/form-render\/assets\/scripts\/iframeResizer.js\"><\/script><!-- [et_pb_line_break_holder] --><\/div>\n<p><!-- [et_pb_line_break_holder] --><!-- [et_pb_line_break_holder] --><\/p>\n<div class=\"form-en\"><!-- [et_pb_line_break_holder] --><iframe height=\"715\" style=\"min-width: 100%; max-width: 700px; border: 0;\" id=\"sn-form-jtd36\"<!--no numeric noise key 1007-->        src=\u00bbhttps:\/\/app.studioninja.co\/contactform\/parser\/0a800fc8-806f-116c-8180-953d1e714611\/0a800fc9-9561-10ac-8195-672668062a7e\u00bb<!-- [et_pb_line_break_holder] -->        allowfullscreen><!-- [et_pb_line_break_holder] --><\/iframe><!-- [et_pb_line_break_holder] --><script type=\"text\/javascript\" data-iframe-id=\"sn-form-jtd36\"<!-- [et_pb_line_break_holder] -->        src=\"https:\/\/app.studioninja.co\/client-assets\/form-render\/assets\/scripts\/iframeResizer.js\"><\/script><!-- [et_pb_line_break_holder] --><\/div>\n<p><!-- [et_pb_line_break_holder] --><!-- [et_pb_line_break_holder] --><!-- [et_pb_line_break_holder] -->[\/et_pb_code][\/et_pb_column][et_pb_column type=\u00bb2_5&#8243; _builder_version=\u00bb4.27.5&#8243; _module_preset=\u00bbdefault\u00bb global_colors_info=\u00bb{}\u00bb][et_pb_image src=\u00bbhttps:\/\/bodartphotography.com\/wp-content\/uploads\/2025\/12\/barcelona-wedding-photographer-elena-toni_627_websize.jpg\u00bb _builder_version=\u00bb4.27.5&#8243; _module_preset=\u00bbdefault\u00bb global_colors_info=\u00bb{}\u00bb][\/et_pb_image][\/et_pb_column][\/et_pb_row][\/et_pb_section][et_pb_section fb_built=\u00bb1&#8243; _builder_version=\u00bb4.27.5&#8243; _module_preset=\u00bbdefault\u00bb background_color=\u00bb#D7D0C8&#8243; background_enable_image=\u00bboff\u00bb custom_padding=\u00bb17px||13px|||\u00bb global_colors_info=\u00bb{}\u00bb][et_pb_row column_structure=\u00bb1_2,1_2&#8243; _builder_version=\u00bb4.27.5&#8243; _module_preset=\u00bbdefault\u00bb custom_padding=\u00bb44px|||||\u00bb global_colors_info=\u00bb{}\u00bb][et_pb_column type=\u00bb1_2&#8243; _builder_version=\u00bb4.27.5&#8243; _module_preset=\u00bbdefault\u00bb global_colors_info=\u00bb{}\u00bb][et_pb_text content_tablet=\u00bb<\/p>\n<h2>What are the next steps?<\/h2>\n<p>\u00bb content_phone=\u00bb<\/p>\n<h2 style=\"%22text-align:\" left;%22>What are the next steps?<\/h2>\n<p>\u00bb content_last_edited=\u00bbon|phone\u00bb _builder_version=\u00bb4.27.5&#8243; _module_preset=\u00bbdefault\u00bb text_font=\u00bb||||||||\u00bb text_letter_spacing=\u00bb1px\u00bb header_2_font=\u00bb||||||||\u00bb header_2_text_align=\u00bbleft\u00bb header_2_font_size=\u00bb2.5em\u00bb header_6_font=\u00bbTitulo &#8211; Season Regular|300|||||||\u00bb header_6_text_color=\u00bb#FFFFFF\u00bb header_6_font_size=\u00bb20px\u00bb header_6_line_height=\u00bb4.2em\u00bb background_enable_color=\u00bboff\u00bb width_tablet=\u00bb700px\u00bb width_phone=\u00bb350px\u00bb width_last_edited=\u00bbon|phone\u00bb max_width_tablet=\u00bb700px\u00bb max_width_phone=\u00bb350px\u00bb max_width_last_edited=\u00bbon|tablet\u00bb module_alignment=\u00bbcenter\u00bb custom_margin=\u00bb4.1%||0%|-85px|false|false\u00bb custom_margin_tablet=\u00bb10%||2%|0px|false|false\u00bb custom_margin_phone=\u00bb5%||0%|0px|false|false\u00bb custom_margin_last_edited=\u00bbon|phone\u00bb custom_padding=\u00bb|0px|||false|false\u00bb text_font_size_tablet=\u00bb\u00bb text_font_size_phone=\u00bb13px\u00bb text_font_size_last_edited=\u00bbon|phone\u00bb header_2_text_align_tablet=\u00bbcenter\u00bb header_2_text_align_phone=\u00bbcenter\u00bb header_2_text_align_last_edited=\u00bboff|desktop\u00bb header_2_font_size_tablet=\u00bb\u00bb header_2_font_size_phone=\u00bb2em\u00bb header_2_font_size_last_edited=\u00bbon|phone\u00bb text_orientation_tablet=\u00bbleft\u00bb text_orientation_phone=\u00bbleft\u00bb text_orientation_last_edited=\u00bbon|desktop\u00bb locked=\u00bboff\u00bb inline_fonts=\u00bbMulish\u00bb global_colors_info=\u00bb{}\u00bb custom_css_main_element_last_edited=\u00bbon|tablet\u00bb]<\/p>\n<h2>What are the next steps?<\/h2>\n<p>[\/et_pb_text][\/et_pb_column][et_pb_column type=\u00bb1_2&#8243; _builder_version=\u00bb4.27.5&#8243; _module_preset=\u00bbdefault\u00bb global_colors_info=\u00bb{}\u00bb][et_pb_cta button_url=\u00bbhttps:\/\/bodartphotography.com\/empieza-aqui\/\u00bb button_text=\u00bbVAMOS A DAR FORMA A VUESTROS RECUERDOS\u00bb _builder_version=\u00bb4.27.5&#8243; _module_preset=\u00bbdefault\u00bb header_text_color=\u00bb#000000&#8243; header_line_height=\u00bb3em\u00bb body_text_color=\u00bb#000000&#8243; background_color=\u00bb#D7D0C8&#8243; button_alignment=\u00bbcenter\u00bb text_orientation=\u00bbleft\u00bb width=\u00bb100%\u00bb module_alignment=\u00bbcenter\u00bb custom_padding=\u00bb5px|4px||7px||\u00bb global_colors_info=\u00bb{}\u00bb]<\/p>\n<ol>\n<li>I\u2019ll check my calendar to confirm whether your date is available, and you\u2019ll receive a reply within 48 hours (please make sure to check your spam folder just in case).<\/li>\n<li>If I\u2019m available, we\u2019ll schedule a video call to get to know each other and understand exactly what you need to have the best possible memories of your day.<\/li>\n<li>If everything feels right, we\u2019ll start shaping your memories from the very first moment.<\/li>\n<\/ol>\n<ul class=\"wp-block-list has-proxima-nova-font-family\"><\/ul>\n<p>[\/et_pb_cta][\/et_pb_column][\/et_pb_row][\/et_pb_section]<\/p>","protected":false},"excerpt":{"rendered":"<p>\u00bfMe d\u00e1is algunos detalles de vuestro gran d\u00eda?\u00bfCu\u00e1les son los siguientes pasos? Comprobar\u00e9 en mi calendario si tengo vuestra fecha disponible y en menos de 48h obtendr\u00e9is una respuesta (comprobad que no est\u00e9 en vuestra bandeja de SPAM). Si tengo disponibilidad, programaremos una videollamada para conocernos y saber exactamente qu\u00e9 necesit\u00e1is para tener el mejor [&hellip;]<\/p>","protected":false},"author":1,"featured_media":0,"parent":0,"menu_order":0,"comment_status":"closed","ping_status":"closed","template":"","meta":{"_et_pb_use_builder":"on","_et_pb_old_content":"","_et_gb_content_width":"","footnotes":""},"class_list":["post-339378","page","type-page","status-publish","hentry"],"_links":{"self":[{"href":"https:\/\/bodartphotography.com\/en\/wp-json\/wp\/v2\/pages\/339378","targetHints":{"allow":["GET"]}}],"collection":[{"href":"https:\/\/bodartphotography.com\/en\/wp-json\/wp\/v2\/pages"}],"about":[{"href":"https:\/\/bodartphotography.com\/en\/wp-json\/wp\/v2\/types\/page"}],"author":[{"embeddable":true,"href":"https:\/\/bodartphotography.com\/en\/wp-json\/wp\/v2\/users\/1"}],"replies":[{"embeddable":true,"href":"https:\/\/bodartphotography.com\/en\/wp-json\/wp\/v2\/comments?post=339378"}],"version-history":[{"count":36,"href":"https:\/\/bodartphotography.com\/en\/wp-json\/wp\/v2\/pages\/339378\/revisions"}],"predecessor-version":[{"id":340906,"href":"https:\/\/bodartphotography.com\/en\/wp-json\/wp\/v2\/pages\/339378\/revisions\/340906"}],"wp:attachment":[{"href":"https:\/\/bodartphotography.com\/en\/wp-json\/wp\/v2\/media?parent=339378"}],"curies":[{"name":"wp","href":"https:\/\/api.w.org\/{rel}","templated":true}]}}