{"id":26,"date":"2020-08-12T10:11:43","date_gmt":"2020-08-12T10:11:43","guid":{"rendered":"https:\/\/bodartphotography.com\/?page_id=26"},"modified":"2026-03-10T14:30:35","modified_gmt":"2026-03-10T14:30:35","slug":"inicio","status":"publish","type":"page","link":"https:\/\/bodartphotography.com\/en\/","title":{"rendered":"Home"},"content":{"rendered":"<p>[et_pb_section fb_built=\u00bb1&#8243; _builder_version=\u00bb4.27.4&#8243; _module_preset=\u00bbdefault\u00bb background_color=\u00bb#F8F5F3&#8243; custom_margin=\u00bb-3px|||||\u00bb custom_padding=\u00bb0px||0px||false|false\u00bb global_colors_info=\u00bb{}\u00bb][et_pb_row custom_padding_last_edited=\u00bbon|phone\u00bb _builder_version=\u00bb4.27.5&#8243; _module_preset=\u00bbdefault\u00bb background_color=\u00bbrgba(40,40,40,0.62)\u00bb background_image=\u00bbhttps:\/\/bodartphotography.com\/wp-content\/uploads\/2026\/02\/nina_victor_boda_364_websize-1.jpg\u00bb background_position=\u00bbtop_center\u00bb background_vertical_offset=\u00bb11%\u00bb background_blend=\u00bbmultiply\u00bb width=\u00bb100%\u00bb max_width=\u00bb100%\u00bb min_height=\u00bb697.1px\u00bb custom_margin=\u00bb-4.1%|auto||auto|false|false\u00bb custom_margin_tablet=\u00bb5.9%|auto||auto|false|false\u00bb custom_margin_phone=\u00bb-17.1%|auto||auto|false|false\u00bb custom_margin_last_edited=\u00bbon|phone\u00bb custom_padding=\u00bb0.2%|10%|0%|10%|false|false\u00bb custom_padding_tablet=\u00bb13%|10%|13%|10%|true|false\u00bb custom_padding_phone=\u00bb15.1%|5%|15.1%|5%|true|false\u00bb locked=\u00bboff\u00bb global_colors_info=\u00bb{}\u00bb][et_pb_column type=\u00bb4_4&#8243; _builder_version=\u00bb4.27.4&#8243; _module_preset=\u00bbdefault\u00bb global_colors_info=\u00bb{}\u00bb][et_pb_text _builder_version=\u00bb4.27.5&#8243; _module_preset=\u00bbdefault\u00bb text_font=\u00bbTitulo &#8211; Season Regular|||on|||||\u00bb text_text_color=\u00bb#FFFFFF\u00bb text_font_size=\u00bb41px\u00bb text_letter_spacing=\u00bb1px\u00bb text_line_height=\u00bb1.4em\u00bb text_orientation=\u00bbcenter\u00bb height_tablet=\u00bb\u00bb height_phone=\u00bb421px\u00bb height_last_edited=\u00bbon|phone\u00bb max_height=\u00bb429px\u00bb custom_margin=\u00bb||-8px|||\u00bb custom_padding=\u00bb160px||0px|||\u00bb text_font_size_tablet=\u00bb41px\u00bb text_font_size_phone=\u00bb32px\u00bb text_font_size_last_edited=\u00bbon|phone\u00bb global_colors_info=\u00bb{}\u00bb]<\/p>\n<p><span style=\"font-size: xx-large;\">Para parejas que creen en la belleza de lo natural<\/span><\/p>\n<p>[\/et_pb_text][et_pb_text _builder_version=\u00bb4.27.5&#8243; _module_preset=\u00bbdefault\u00bb text_orientation=\u00bbcenter\u00bb custom_margin=\u00bb||127px|||\u00bb custom_padding=\u00bb15px|0px||||\u00bb global_colors_info=\u00bb{}\u00bb]<\/p>\n<h1><span style=\"color: #ffffff; font-size: x-large;\">Fot\u00f3grafo de bodas en Tarragona y Barcelona<\/span><\/h1>\n<p>[\/et_pb_text][et_pb_button button_url=\u00bbhttps:\/\/bodartphotography.com\/empieza-aqui\/\u00bb button_text=\u00bbEmpecemos a darle forma a vuestros recuerdos\u00bb button_alignment=\u00bbcenter\u00bb _builder_version=\u00bb4.27.5&#8243; _module_preset=\u00bbdefault\u00bb custom_button=\u00bbon\u00bb button_text_color=\u00bb#282828&#8243; button_bg_color=\u00bb#FFFFFF\u00bb button_font=\u00bb|||on|||||\u00bb button_use_icon=\u00bboff\u00bb global_colors_info=\u00bb{}\u00bb][\/et_pb_button][\/et_pb_column][\/et_pb_row][et_pb_row _builder_version=\u00bb4.27.4&#8243; _module_preset=\u00bbdefault\u00bb custom_padding=\u00bb0px|||||\u00bb global_colors_info=\u00bb{}\u00bb][et_pb_column type=\u00bb4_4&#8243; _builder_version=\u00bb4.27.4&#8243; _module_preset=\u00bbdefault\u00bb global_colors_info=\u00bb{}\u00bb][et_pb_code _builder_version=\u00bb4.27.5&#8243; _module_preset=\u00bbdefault\u00bb text_orientation=\u00bbright\u00bb width=\u00bb100%\u00bb width_tablet=\u00bb100%\u00bb width_phone=\u00bb94%\u00bb width_last_edited=\u00bbon|phone\u00bb max_width=\u00bb100%\u00bb max_width_tablet=\u00bb100%\u00bb max_width_phone=\u00bb100%\u00bb max_width_last_edited=\u00bbon|desktop\u00bb module_alignment=\u00bbcenter\u00bb custom_margin=\u00bb|||977px||\u00bb custom_padding=\u00bb|||0px||\u00bb global_colors_info=\u00bb{}\u00bb]<div class=\"trp-shortcode-switcher__wrapper\"\r\n     style=\"--bg:#ffffff;--bg-hover:#0000000d;--text:#143852;--text-hover:#1d2327;--border:1px solid #1a190833;--border-width:1px;--border-color:#1a190833;--border-radius:5px;--flag-radius:1px;--flag-size:18px;--aspect-ratio:4\/3;--font-size:14px;--transition-duration:0.2s\"\r\n     role=\"group\"\r\n     data-open-mode=\"hover\">\r\n\r\n    \r\n        <!-- Opposite mode: render ONLY the in-flow (relative) element so it holds space -->\r\n        <div class=\"trp-language-switcher trp-ls-dropdown trp-shortcode-switcher trp-shortcode-anchor trp-open-on-hover trp-opposite-button\"\r\n             role=\"navigation\"\r\n             aria-label=\"Website language selector\"\r\n             data-no-translation>\r\n                <div class=\"trp-current-language-item__wrapper trp-hide-arrow\">\r\n        <a class=\"trp-language-item trp-language-item__default\" data-no-translation href=\"https:\/\/bodartphotography.com\/en\/wp-json\/wp\/v2\/pages\/26\" title=\"ES\"><span class=\"trp-language-item-name\">ES<\/span><\/a>            <\/div>\r\n            <\/div>\r\n\r\n    <\/div>\r\n[\/et_pb_code][et_pb_image src=\u00bbhttps:\/\/bodartphotography.com\/wp-content\/uploads\/2024\/12\/Logotipo-BODART-Wedding-Photography.png\u00bb alt=\u00bbLogotipo BODART Wedding Photography\u00bb title_text=\u00bbLogotipo BODART Wedding Photography\u00bb _builder_version=\u00bb4.27.5&#8243; _module_preset=\u00bbdefault\u00bb width=\u00bb40%\u00bb width_tablet=\u00bb60%\u00bb width_phone=\u00bb100%\u00bb width_last_edited=\u00bbon|phone\u00bb module_alignment=\u00bbcenter\u00bb custom_margin=\u00bb||48px|||\u00bb scroll_vertical_motion=\u00bb0|70|70|100|-6|0|0&#8243; scroll_fade=\u00bb18|58|58|100|0|100|100&#8243; global_colors_info=\u00bb{}\u00bb][\/et_pb_image][et_pb_text _builder_version=\u00bb4.27.4&#8243; _module_preset=\u00bbdefault\u00bb text_orientation=\u00bbcenter\u00bb global_colors_info=\u00bb{}\u00bb]<\/p>\n<p>Soy un fot\u00f3grafo de bodas con alma art\u00edstica. Me inspira la belleza que aparece sin avisar y se desvanece si no se captura. Por eso, mis reportajes se centran en lo real para capturar emociones, detalles y luz. Como fot\u00f3grafo de bodas en Tarragona, te ofrezco fotos de boda profesionales llenas de sensibilidad, sin artificios, solo verdad. Lo original no se fuerza, se encuentra.<\/p>\n<p>[\/et_pb_text][\/et_pb_column][\/et_pb_row][et_pb_row column_structure=\u00bb1_4,1_4,1_4,1_4&#8243; use_custom_gutter=\u00bbon\u00bb gutter_width=\u00bb1&#8243; module_class=\u00bbseccionfotoshome\u00bb _builder_version=\u00bb4.27.4&#8243; _module_preset=\u00bbdefault\u00bb width=\u00bb100%\u00bb max_width=\u00bb100%\u00bb custom_margin=\u00bb4%|auto||auto|false|false\u00bb global_colors_info=\u00bb{}\u00bb][et_pb_column type=\u00bb1_4&#8243; _builder_version=\u00bb4.27.4&#8243; _module_preset=\u00bbdefault\u00bb global_colors_info=\u00bb{}\u00bb][et_pb_image src=\u00bbhttps:\/\/bodartphotography.com\/wp-content\/uploads\/2025\/12\/irish-wedding.jpg\u00bb alt=\u00bbirish-wedding\u00bb title_text=\u00bbirish-wedding\u00bb _builder_version=\u00bb4.27.4&#8243; _module_preset=\u00bbdefault\u00bb global_colors_info=\u00bb{}\u00bb][\/et_pb_image][\/et_pb_column][et_pb_column type=\u00bb1_4&#8243; _builder_version=\u00bb4.27.4&#8243; _module_preset=\u00bbdefault\u00bb global_colors_info=\u00bb{}\u00bb][et_pb_image src=\u00bbhttps:\/\/bodartphotography.com\/wp-content\/uploads\/2025\/01\/bodart_HOME2.png\u00bb alt=\u00bbbodart_HOME2&#8243; title_text=\u00bbbodart_HOME2&#8243; _builder_version=\u00bb4.27.4&#8243; _module_preset=\u00bbdefault\u00bb global_colors_info=\u00bb{}\u00bb][\/et_pb_image][\/et_pb_column][et_pb_column type=\u00bb1_4&#8243; _builder_version=\u00bb4.27.4&#8243; _module_preset=\u00bbdefault\u00bb global_colors_info=\u00bb{}\u00bb][et_pb_image src=\u00bbhttps:\/\/bodartphotography.com\/wp-content\/uploads\/2025\/12\/brindis-boda.jpg\u00bb alt=\u00bbbrindis-boda\u00bb title_text=\u00bbbrindis-boda\u00bb _builder_version=\u00bb4.27.4&#8243; _module_preset=\u00bbdefault\u00bb global_colors_info=\u00bb{}\u00bb][\/et_pb_image][\/et_pb_column][et_pb_column type=\u00bb1_4&#8243; _builder_version=\u00bb4.27.4&#8243; _module_preset=\u00bbdefault\u00bb global_colors_info=\u00bb{}\u00bb][et_pb_image src=\u00bbhttps:\/\/bodartphotography.com\/wp-content\/uploads\/2025\/01\/bodart_HOME4.png\u00bb alt=\u00bbbodart_HOME4&#8243; title_text=\u00bbbodart_HOME4&#8243; _builder_version=\u00bb4.27.4&#8243; _module_preset=\u00bbdefault\u00bb global_colors_info=\u00bb{}\u00bb][\/et_pb_image][\/et_pb_column][\/et_pb_row][et_pb_row _builder_version=\u00bb4.27.4&#8243; _module_preset=\u00bbdefault\u00bb custom_margin=\u00bb0%||||false|false\u00bb custom_padding=\u00bb0px||4px||false|false\u00bb global_colors_info=\u00bb{}\u00bb][et_pb_column type=\u00bb4_4&#8243; _builder_version=\u00bb4.27.4&#8243; _module_preset=\u00bbdefault\u00bb global_colors_info=\u00bb{}\u00bb][et_pb_text _builder_version=\u00bb4.27.5&#8243; _module_preset=\u00bbdefault\u00bb custom_margin=\u00bb48px|||||\u00bb global_colors_info=\u00bb{}\u00bb]<\/p>\n<p style=\"text-align: center;\">APAREZCO EN<\/p>\n<p>[\/et_pb_text][\/et_pb_column][\/et_pb_row][et_pb_row column_structure=\u00bb1_3,1_3,1_3&#8243; use_custom_gutter=\u00bbon\u00bb disabled_on=\u00bbon|on|off\u00bb _builder_version=\u00bb4.27.5&#8243; _module_preset=\u00bbdefault\u00bb background_color=\u00bb#FFFFFF\u00bb width=\u00bb100%\u00bb max_width=\u00bb100%\u00bb max_height=\u00bb1000px\u00bb custom_padding=\u00bb40px|200px|33px|200px||\u00bb global_colors_info=\u00bb{}\u00bb][et_pb_column type=\u00bb1_3&#8243; _builder_version=\u00bb4.27.5&#8243; _module_preset=\u00bbdefault\u00bb global_colors_info=\u00bb{}\u00bb][et_pb_image src=\u00bbhttps:\/\/bodartphotography.com\/wp-content\/uploads\/2026\/02\/2.png\u00bb title_text=\u00bb2&#8243; align=\u00bbcenter\u00bb _builder_version=\u00bb4.27.5&#8243; _module_preset=\u00bbdefault\u00bb width=\u00bb50%\u00bb width_tablet=\u00bb50%\u00bb width_phone=\u00bb50%\u00bb width_last_edited=\u00bbon|desktop\u00bb global_colors_info=\u00bb{}\u00bb][\/et_pb_image][\/et_pb_column][et_pb_column type=\u00bb1_3&#8243; _builder_version=\u00bb4.27.5&#8243; _module_preset=\u00bbdefault\u00bb global_colors_info=\u00bb{}\u00bb][et_pb_image src=\u00bbhttps:\/\/bodartphotography.com\/wp-content\/uploads\/2026\/02\/1.png\u00bb title_text=\u00bb1&#8243; align=\u00bbcenter\u00bb _builder_version=\u00bb4.27.5&#8243; _module_preset=\u00bbdefault\u00bb width=\u00bb53%\u00bb width_tablet=\u00bb53%\u00bb width_phone=\u00bb61%\u00bb width_last_edited=\u00bbon|phone\u00bb global_colors_info=\u00bb{}\u00bb][\/et_pb_image][\/et_pb_column][et_pb_column type=\u00bb1_3&#8243; _builder_version=\u00bb4.27.5&#8243; _module_preset=\u00bbdefault\u00bb global_colors_info=\u00bb{}\u00bb][et_pb_image src=\u00bbhttps:\/\/bodartphotography.com\/wp-content\/uploads\/2026\/02\/3.png\u00bb title_text=\u00bb3&#8243; align=\u00bbcenter\u00bb _builder_version=\u00bb4.27.5&#8243; _module_preset=\u00bbdefault\u00bb width=\u00bb55%\u00bb width_tablet=\u00bb55%\u00bb width_phone=\u00bb59%\u00bb width_last_edited=\u00bbon|phone\u00bb global_colors_info=\u00bb{}\u00bb][\/et_pb_image][\/et_pb_column][\/et_pb_row][et_pb_row column_structure=\u00bb1_3,1_3,1_3&#8243; use_custom_gutter=\u00bbon\u00bb disabled_on=\u00bboff|off|on\u00bb _builder_version=\u00bb4.27.5&#8243; _module_preset=\u00bbdefault\u00bb background_color=\u00bb#FFFFFF\u00bb width=\u00bb100%\u00bb max_width=\u00bb100%\u00bb max_height=\u00bb1000px\u00bb custom_padding=\u00bb35px|0px|20px|14px||\u00bb global_colors_info=\u00bb{}\u00bb][et_pb_column type=\u00bb1_3&#8243; _builder_version=\u00bb4.27.5&#8243; _module_preset=\u00bbdefault\u00bb global_colors_info=\u00bb{}\u00bb][et_pb_image src=\u00bbhttps:\/\/bodartphotography.com\/wp-content\/uploads\/2026\/02\/2.png\u00bb title_text=\u00bb2&#8243; align=\u00bbcenter\u00bb _builder_version=\u00bb4.27.5&#8243; _module_preset=\u00bbdefault\u00bb width=\u00bb50%\u00bb width_tablet=\u00bb50%\u00bb width_phone=\u00bb42%\u00bb width_last_edited=\u00bbon|desktop\u00bb global_colors_info=\u00bb{}\u00bb][\/et_pb_image][\/et_pb_column][et_pb_column type=\u00bb1_3&#8243; _builder_version=\u00bb4.27.5&#8243; _module_preset=\u00bbdefault\u00bb global_colors_info=\u00bb{}\u00bb][et_pb_image src=\u00bbhttps:\/\/bodartphotography.com\/wp-content\/uploads\/2026\/02\/1.png\u00bb title_text=\u00bb1&#8243; align=\u00bbcenter\u00bb _builder_version=\u00bb4.27.5&#8243; _module_preset=\u00bbdefault\u00bb width=\u00bb53%\u00bb width_tablet=\u00bb53%\u00bb width_phone=\u00bb49%\u00bb width_last_edited=\u00bbon|phone\u00bb custom_margin=\u00bb||-6px|||\u00bb custom_padding=\u00bb||0px|||\u00bb global_colors_info=\u00bb{}\u00bb][\/et_pb_image][\/et_pb_column][et_pb_column type=\u00bb1_3&#8243; _builder_version=\u00bb4.27.5&#8243; _module_preset=\u00bbdefault\u00bb global_colors_info=\u00bb{}\u00bb][et_pb_image src=\u00bbhttps:\/\/bodartphotography.com\/wp-content\/uploads\/2026\/02\/3.png\u00bb title_text=\u00bb3&#8243; align=\u00bbcenter\u00bb _builder_version=\u00bb4.27.5&#8243; _module_preset=\u00bbdefault\u00bb width=\u00bb55%\u00bb width_tablet=\u00bb55%\u00bb width_phone=\u00bb47%\u00bb width_last_edited=\u00bbon|phone\u00bb custom_margin=\u00bb-10px|||||\u00bb custom_padding=\u00bb0px|||||\u00bb global_colors_info=\u00bb{}\u00bb][\/et_pb_image][\/et_pb_column][\/et_pb_row][et_pb_row column_structure=\u00bb1_2,1_2&#8243; _builder_version=\u00bb4.27.5&#8243; _module_preset=\u00bbdefault\u00bb width=\u00bb100%\u00bb max_width=\u00bb100%\u00bb min_height=\u00bb511.9px\u00bb height=\u00bb494px\u00bb max_height=\u00bb361px\u00bb custom_margin=\u00bb6px|auto||auto||\u00bb custom_padding=\u00bb4px||0px|||\u00bb global_colors_info=\u00bb{}\u00bb][et_pb_column type=\u00bb1_2&#8243; _builder_version=\u00bb4.27.4&#8243; _module_preset=\u00bbdefault\u00bb global_colors_info=\u00bb{}\u00bb][et_pb_text _builder_version=\u00bb4.27.5&#8243; _module_preset=\u00bbdefault\u00bb header_2_font_size=\u00bb3em\u00bb background_enable_color=\u00bboff\u00bb text_orientation=\u00bbright\u00bb width=\u00bb100%\u00bb width_tablet=\u00bb100%\u00bb width_phone=\u00bb91.3%\u00bb width_last_edited=\u00bbon|phone\u00bb max_width=\u00bb68%\u00bb module_alignment=\u00bbcenter\u00bb custom_margin=\u00bb-0.7%|-46px|46px|50px|false|false\u00bb custom_margin_tablet=\u00bb10%||||false|false\u00bb custom_margin_phone=\u00bb0.9%||42px||false|false\u00bb custom_margin_last_edited=\u00bbon|phone\u00bb custom_padding=\u00bb21px|0px||3px||\u00bb header_2_font_size_tablet=\u00bb2em\u00bb header_2_font_size_phone=\u00bb2.4em\u00bb header_2_font_size_last_edited=\u00bbon|phone\u00bb global_colors_info=\u00bb{}\u00bb]<\/p>\n<h2 style=\"text-align: center;\">PHOTOGRAPHER OF BEAUTIFUL STORIES FOR WEDDINGS<\/h2>\n<p style=\"text-align: center;\">Every wedding is a unique story, filled with emotions, details, and moments that deserve to be remembered forever. Through my lens, I strive to capture that authentic beauty that speaks directly to the soul.<\/p>\n<p style=\"text-align: center;\">Feel the magic of every story.<\/p>\n<p>[\/et_pb_text][et_pb_button button_url=\u00bb\/bellas-historias\/\u00bb button_text=\u00bbVER M\u00c1S\u00bb button_alignment=\u00bbcenter\u00bb _builder_version=\u00bb4.27.5&#8243; _module_preset=\u00bbdefault\u00bb custom_margin=\u00bb3px||19px|||\u00bb custom_padding=\u00bb||3px|||\u00bb global_colors_info=\u00bb{}\u00bb][\/et_pb_button][\/et_pb_column][et_pb_column type=\u00bb1_2&#8243; _builder_version=\u00bb4.27.4&#8243; _module_preset=\u00bbdefault\u00bb global_colors_info=\u00bb{}\u00bb][et_pb_image src=\u00bbhttps:\/\/bodartphotography.com\/wp-content\/uploads\/2025\/12\/barcelona-wedding-photographer-karen-cian-wedding_327_websize.jpg\u00bb title_text=\u00bbKaren &#038; Cian\u00bb _builder_version=\u00bb4.27.5&#8243; _module_preset=\u00bbdefault\u00bb global_colors_info=\u00bb{}\u00bb][\/et_pb_image][\/et_pb_column][\/et_pb_row][et_pb_row column_structure=\u00bb2_5,3_5&#8243; custom_padding_last_edited=\u00bbon|phone\u00bb _builder_version=\u00bb4.27.5&#8243; _module_preset=\u00bbdefault\u00bb background_color=\u00bb#D7D0C8&#8243; width=\u00bb100%\u00bb max_width=\u00bb100%\u00bb custom_margin=\u00bb8.4%|auto||auto|false|false\u00bb custom_margin_tablet=\u00bb6%||||false|false\u00bb custom_margin_phone=\u00bb73.2%|auto||auto|false|false\u00bb custom_margin_last_edited=\u00bbon|phone\u00bb custom_padding=\u00bb3.2%|10%|3.2%|10%|true|false\u00bb custom_padding_tablet=\u00bb13%||13%|20%|true|false\u00bb custom_padding_phone=\u00bb20.2%|10%|20.2%|10%|true|false\u00bb locked=\u00bboff\u00bb global_colors_info=\u00bb{}\u00bb][et_pb_column type=\u00bb2_5&#8243; _builder_version=\u00bb4.27.4&#8243; _module_preset=\u00bbdefault\u00bb global_colors_info=\u00bb{}\u00bb][et_pb_image src=\u00bbhttps:\/\/bodartphotography.com\/wp-content\/uploads\/2026\/03\/TOIRAN2-3.jpg\u00bb alt=\u00bbbarcelona-wedding-photographer\u00bb title_text=\u00bbbarcelona-wedding-photographer\u00bb align=\u00bbright\u00bb _builder_version=\u00bb4.27.5&#8243; _module_preset=\u00bbdefault\u00bb hover_enabled=\u00bb0&#8243; global_colors_info=\u00bb{}\u00bb sticky_enabled=\u00bb0&#8243;][\/et_pb_image][\/et_pb_column][et_pb_column type=\u00bb3_5&#8243; _builder_version=\u00bb4.27.4&#8243; _module_preset=\u00bbdefault\u00bb global_colors_info=\u00bb{}\u00bb][et_pb_text content_tablet=\u00bb<\/p>\n<h2>BEHIND THE CAMERA<\/h2>\n<p>I am Joan, an architect of <strong>memories<\/strong> and an illustrator of <strong>emotions.<\/strong>.<\/p>\n<p>Mi prop\u00f3sito es concederte esas fotograf\u00edas que mirar\u00e1s hoy y ma\u00f1ana, llenas de la elegancia, del amor y de la felicidad que se respir\u00f3 en el d\u00eda de tu boda.\u00bb content_phone=\u00bb<\/p>\n<h2>BEHIND THE CAMERA<\/h2>\n<p>I am Joan, an architect of <strong>memories<\/strong> and an illustrator of <strong>emotions.<\/strong>.<\/p>\n<p>Mi prop\u00f3sito es concederte esas fotograf\u00edas que mirar\u00e1s hoy y ma\u00f1ana, llenas de la elegancia, del amor y de la felicidad que se respir\u00f3 en el d\u00eda de tu boda.\u00bb content_last_edited=\u00bbon|phone\u00bb _builder_version=\u00bb4.27.5&#8243; _module_preset=\u00bbdefault\u00bb header_2_font_size=\u00bb3em\u00bb custom_margin=\u00bb7.5%||66px||false|false\u00bb custom_margin_tablet=\u00bb0%||||false|false\u00bb custom_margin_phone=\u00bb0%||||false|false\u00bb custom_margin_last_edited=\u00bbon|phone\u00bb header_2_font_size_tablet=\u00bb2em\u00bb header_2_font_size_phone=\u00bb1.8em\u00bb header_2_font_size_last_edited=\u00bbon|tablet\u00bb global_colors_info=\u00bb{}\u00bb]<\/p>\n<h2>Creo que lo que da valor a la vida es la belleza, el amor y la alegr\u00eda<\/h2>\n<p>I am Joan, an architect of <strong>memories<\/strong> and an illustrator of <strong>emotions.<\/strong>.<\/p>\n<p>Creo que lo que da valor a la vida es la belleza, el amor y la alegr\u00eda.<\/p>\n<p>My purpose is to give you those photographs that you will cherish today and tomorrow,<br \/>filled with the elegance, love, and happiness that surrounded your wedding day.<\/p>\n<p>[\/et_pb_text][et_pb_button button_url=\u00bb\/detras-de-la-camara\/\u00bb button_text=\u00bbCONOCEME M\u00c1S\u00bb _builder_version=\u00bb4.27.5&#8243; _module_preset=\u00bbdefault\u00bb global_colors_info=\u00bb{}\u00bb][\/et_pb_button][\/et_pb_column][\/et_pb_row][et_pb_row column_structure=\u00bb3_5,2_5&#8243; use_custom_gutter=\u00bbon\u00bb gutter_width=\u00bb1&#8243; custom_padding_last_edited=\u00bbon|tablet\u00bb _builder_version=\u00bb4.27.5&#8243; _module_preset=\u00bbdefault\u00bb background_color=\u00bbrgba(0,0,0,0.58)\u00bb background_image=\u00bbhttps:\/\/bodartphotography.com\/wp-content\/uploads\/2025\/12\/526A9594-1.jpg\u00bb background_blend=\u00bbmultiply\u00bb width=\u00bb100%\u00bb max_width=\u00bb100%\u00bb height_tablet=\u00bb600px\u00bb height_phone=\u00bb500px\u00bb height_last_edited=\u00bbon|phone\u00bb custom_margin=\u00bb||||false|false\u00bb custom_padding=\u00bb15.5%||9.4%||false|false\u00bb custom_padding_tablet=\u00bb37%||5%||false|false\u00bb custom_padding_phone=\u00bb43.8%||0%||false|false\u00bb background_color_phone=\u00bbrgba(0,0,0,0.51)\u00bb background_last_edited=\u00bbon|phone\u00bb background_enable_color_phone=\u00bbon\u00bb background_image_phone=\u00bbhttps:\/\/bodartphotography.com\/wp-content\/uploads\/2025\/12\/526A9594-1.jpg\u00bb background_enable_image_phone=\u00bbon\u00bb parallax_phone=\u00bboff\u00bb background_blend_phone=\u00bbmultiply\u00bb custom_css_main_element=\u00bbdisplay: flex;align-content: flex-end;align-items: flex-end;\u00bb global_module=\u00bb340085&#8243; saved_tabs=\u00bball\u00bb global_colors_info=\u00bb{}\u00bb custom_css_main_element_last_edited=\u00bbon|phone\u00bb custom_css_main_element_tablet=\u00bbdisplay:block;\u00bb custom_css_main_element_phone=\u00bbdisplay:block;\u00bb][et_pb_column type=\u00bb3_5&#8243; _builder_version=\u00bb4.27.3&#8243; _module_preset=\u00bbdefault\u00bb background_enable_color=\u00bboff\u00bb global_colors_info=\u00bb{}\u00bb custom_css_main_element_last_edited=\u00bbon|tablet\u00bb custom_css_main_element_tablet=\u00bbwidth:100%!important;\u00bb custom_css_main_element_phone=\u00bbwidth:100%!important;\u00bb][et_pb_text _builder_version=\u00bb4.27.5&#8243; _module_preset=\u00bbdefault\u00bb text_font=\u00bbTitulo &#8211; Season Regular|100|||||||\u00bb header_2_text_align=\u00bbleft\u00bb header_2_text_color=\u00bb#FFFFFF\u00bb header_2_font_size=\u00bb3.5em\u00bb header_2_line_height=\u00bb1.2em\u00bb custom_margin=\u00bb|||30%|false|false\u00bb custom_margin_tablet=\u00bb10%||-20px|10%|false|false\u00bb custom_margin_phone=\u00bb1.2%||-11px|10%|false|false\u00bb custom_margin_last_edited=\u00bbon|phone\u00bb custom_padding=\u00bb||||false|false\u00bb custom_padding_tablet=\u00bb||0px||false|false\u00bb custom_padding_phone=\u00bb||0px||false|false\u00bb custom_padding_last_edited=\u00bbon|tablet\u00bb header_2_font_size_tablet=\u00bb3em\u00bb header_2_font_size_phone=\u00bb1.8em\u00bb header_2_font_size_last_edited=\u00bbon|phone\u00bb global_colors_info=\u00bb{}\u00bb]<\/p>\n<h2>If you dream of photos that make you feel, you only need to write to me<\/h2>\n<p>[\/et_pb_text][\/et_pb_column][et_pb_column type=\u00bb2_5&#8243; _builder_version=\u00bb4.27.3&#8243; _module_preset=\u00bbdefault\u00bb background_enable_color=\u00bboff\u00bb global_colors_info=\u00bb{}\u00bb custom_css_main_element_last_edited=\u00bbon|tablet\u00bb custom_css_main_element_tablet=\u00bbwidth:100%!important;\u00bb custom_css_main_element_phone=\u00bbwidth:100%!important;\u00bb][et_pb_button button_url=\u00bb\/empieza-aqui\/\u00bb button_text=\u00bbCONTACTAR\u00bb button_alignment=\u00bbleft\u00bb _builder_version=\u00bb4.27.4&#8243; _module_preset=\u00bbdefault\u00bb custom_button=\u00bbon\u00bb button_text_size=\u00bb17px\u00bb button_text_color=\u00bb#282828&#8243; button_bg_color=\u00bb#F8F5F3&#8243; button_use_icon=\u00bboff\u00bb custom_margin=\u00bb||4%||false|false\u00bb custom_margin_tablet=\u00bb3%||0%|10%|false|false\u00bb custom_margin_phone=\u00bb5%||||false|false\u00bb custom_margin_last_edited=\u00bbon|phone\u00bb button_text_size_tablet=\u00bb17px\u00bb button_text_size_phone=\u00bb15px\u00bb button_text_size_last_edited=\u00bbon|phone\u00bb global_colors_info=\u00bb{}\u00bb][\/et_pb_button][\/et_pb_column][\/et_pb_row][\/et_pb_section]<\/p>","protected":false},"excerpt":{"rendered":"<p>Para parejas que creen en la belleza de lo naturalFot\u00f3grafo de bodas en Tarragona y Barcelona<div class=\"trp-shortcode-switcher__wrapper\"\r\n     style=\"--bg:#ffffff;--bg-hover:#0000000d;--text:#143852;--text-hover:#1d2327;--border:1px solid #1a190833;--border-width:1px;--border-color:#1a190833;--border-radius:5px;--flag-radius:1px;--flag-size:18px;--aspect-ratio:4\/3;--font-size:14px;--transition-duration:0.2s\"\r\n     role=\"group\"\r\n     data-open-mode=\"hover\">\r\n\r\n    \r\n        <!-- Opposite mode: render ONLY the in-flow (relative) element so it holds space -->\r\n        <div class=\"trp-language-switcher trp-ls-dropdown trp-shortcode-switcher trp-shortcode-anchor trp-open-on-hover trp-opposite-button\"\r\n             role=\"navigation\"\r\n             aria-label=\"Website language selector\"\r\n             data-no-translation>\r\n                <div class=\"trp-current-language-item__wrapper trp-hide-arrow\">\r\n        <a class=\"trp-language-item trp-language-item__default\" data-no-translation href=\"https:\/\/bodartphotography.com\/en\/wp-json\/wp\/v2\/pages\/26\" title=\"ES\"><span class=\"trp-language-item-name\">ES<\/span><\/a>            <\/div>\r\n            <\/div>\r\n\r\n    <\/div>\r\nSoy un fot\u00f3grafo de bodas con alma art\u00edstica. Me inspira la belleza que aparece sin avisar y se desvanece si no se captura. Por eso, mis reportajes se centran en lo real para capturar emociones, detalles y luz. Como fot\u00f3grafo [&hellip;]<\/p>","protected":false},"author":1,"featured_media":0,"parent":0,"menu_order":0,"comment_status":"closed","ping_status":"closed","template":"","meta":{"_et_pb_use_builder":"on","_et_pb_old_content":"","_et_gb_content_width":"","footnotes":""},"class_list":["post-26","page","type-page","status-publish","hentry"],"_links":{"self":[{"href":"https:\/\/bodartphotography.com\/en\/wp-json\/wp\/v2\/pages\/26","targetHints":{"allow":["GET"]}}],"collection":[{"href":"https:\/\/bodartphotography.com\/en\/wp-json\/wp\/v2\/pages"}],"about":[{"href":"https:\/\/bodartphotography.com\/en\/wp-json\/wp\/v2\/types\/page"}],"author":[{"embeddable":true,"href":"https:\/\/bodartphotography.com\/en\/wp-json\/wp\/v2\/users\/1"}],"replies":[{"embeddable":true,"href":"https:\/\/bodartphotography.com\/en\/wp-json\/wp\/v2\/comments?post=26"}],"version-history":[{"count":73,"href":"https:\/\/bodartphotography.com\/en\/wp-json\/wp\/v2\/pages\/26\/revisions"}],"predecessor-version":[{"id":340999,"href":"https:\/\/bodartphotography.com\/en\/wp-json\/wp\/v2\/pages\/26\/revisions\/340999"}],"wp:attachment":[{"href":"https:\/\/bodartphotography.com\/en\/wp-json\/wp\/v2\/media?parent=26"}],"curies":[{"name":"wp","href":"https:\/\/api.w.org\/{rel}","templated":true}]}}